{"id":645,"date":"2017-01-05T19:55:34","date_gmt":"2017-01-05T17:55:34","guid":{"rendered":"http:\/\/buechermesse.ch\/?page_id=645"},"modified":"2021-09-22T14:06:26","modified_gmt":"2021-09-22T12:06:26","slug":"saturday","status":"publish","type":"page","link":"https:\/\/buechermesse.ch\/?page_id=645&lang=en","title":{"rendered":"Saturday"},"content":{"rendered":"\n<p>10 am &#8211; 11pm: book stalls and bar<\/p>\n\n\n\n<p><strong>11am-1pm<\/strong>: contact\nsports \/\/ book presentation \u201eRebellisches Berlin\u201c<\/p>\n\n\n\n<p><strong>1pm-2pm<\/strong>: lunch<\/p>\n\n\n\n<p><strong>2pm-4pm:<\/strong> Workshop : Doing a Workers&#8216; Inquiry of Choke Points at Work. \/\/ Play! With the Kommunikatzen<\/p>\n\n\n\n<p><strong>4pm-6pm: <\/strong> The Viome factory in Greece: living utopia<\/p>\n\n\n\n<p><strong>6pm<\/strong>: dinner<\/p>\n\n\n\n<p>6pm-8pm: Organising workshop: Union makes us strong! Organising in temporary jobs and the gig economy<\/p>\n\n\n\n<p><strong>7pm-9pm:<\/strong> Presentation: LIBERATION FROM MONEY AND PROPERTY \u2013 organising the re_production without domination<\/p>\n\n\n\n<p><strong>8pm: <\/strong>Candle light reading&nbsp;: \u00ab&nbsp;Mines de Courri\u00e8res, ignominie capitaliste, face aux patrons-assassins, la r\u00e9volte des classes ouvri\u00e8res&nbsp;\u00bb (in French only) <\/p>\n\n\n\n<p><strong>9pm:<\/strong> movie screening \u201cRadical Resilience\u201c<\/p>\n","protected":false},"excerpt":{"rendered":"<p>10 am &#8211; 11pm: book stalls and bar 11am-1pm: contact sports \/\/ book presentation \u201eRebellisches Berlin\u201c 1pm-2pm: lunch 2pm-4pm: Workshop : Doing a Workers&#8216; Inquiry of Choke Points at Work. \/\/ Play! With the Kommunikatzen 4pm-6pm: The Viome factory in Greece: living utopia 6pm: dinner 6pm-8pm: Organising workshop: Union makes us strong! Organising in temporary &hellip; <a href=\"https:\/\/buechermesse.ch\/?page_id=645&#038;lang=en\" class=\"more-link\"><span class=\"screen-reader-text\">Saturday<\/span> weiterlesen <span class=\"meta-nav\">&rarr;<\/span><\/a><\/p>\n","protected":false},"author":1,"featured_media":0,"parent":0,"menu_order":0,"comment_status":"closed","ping_status":"closed","template":"","meta":{"footnotes":""},"class_list":["post-645","page","type-page","status-publish","hentry"],"_links":{"self":[{"href":"https:\/\/buechermesse.ch\/index.php?rest_route=\/wp\/v2\/pages\/645","targetHints":{"allow":["GET"]}}],"collection":[{"href":"https:\/\/buechermesse.ch\/index.php?rest_route=\/wp\/v2\/pages"}],"about":[{"href":"https:\/\/buechermesse.ch\/index.php?rest_route=\/wp\/v2\/types\/page"}],"author":[{"embeddable":true,"href":"https:\/\/buechermesse.ch\/index.php?rest_route=\/wp\/v2\/users\/1"}],"replies":[{"embeddable":true,"href":"https:\/\/buechermesse.ch\/index.php?rest_route=%2Fwp%2Fv2%2Fcomments&post=645"}],"version-history":[{"count":18,"href":"https:\/\/buechermesse.ch\/index.php?rest_route=\/wp\/v2\/pages\/645\/revisions"}],"predecessor-version":[{"id":2109,"href":"https:\/\/buechermesse.ch\/index.php?rest_route=\/wp\/v2\/pages\/645\/revisions\/2109"}],"wp:attachment":[{"href":"https:\/\/buechermesse.ch\/index.php?rest_route=%2Fwp%2Fv2%2Fmedia&parent=645"}],"curies":[{"name":"wp","href":"https:\/\/api.w.org\/{rel}","templated":true}]}}