{"id":634,"date":"2017-01-05T19:53:09","date_gmt":"2017-01-05T17:53:09","guid":{"rendered":"http:\/\/buechermesse.ch\/?page_id=634"},"modified":"2021-09-02T22:05:45","modified_gmt":"2021-09-02T20:05:45","slug":"dimanche","status":"publish","type":"page","link":"https:\/\/buechermesse.ch\/?page_id=634&lang=fr","title":{"rendered":"Dimanche"},"content":{"rendered":"<p><strong>De 10h \u00e0 16h<\/strong> : stands de livre et bar<\/p>\n<p><strong>De 10h \u00e0 13h<\/strong> : brunch<\/p>\n<p><strong>De 11h \u00e0 13h<\/strong> : pr\u00e9sentation corona solifon<\/p>\n<p><strong>De 13h \u00e0 15h<\/strong> : Les travailleur\u00b7euses de la sant\u00e9 en lutte<\/p>\n\n\n<p><\/p>\n","protected":false},"excerpt":{"rendered":"<p>De 10h \u00e0 16h : stands de livre et bar De 10h \u00e0 13h : brunch De 11h \u00e0 13h : pr\u00e9sentation corona solifon De 13h \u00e0 15h : Les travailleur\u00b7euses de la sant\u00e9 en lutte<\/p>\n","protected":false},"author":1,"featured_media":0,"parent":0,"menu_order":0,"comment_status":"closed","ping_status":"closed","template":"","meta":{"footnotes":""},"class_list":["post-634","page","type-page","status-publish","hentry"],"_links":{"self":[{"href":"https:\/\/buechermesse.ch\/index.php?rest_route=\/wp\/v2\/pages\/634","targetHints":{"allow":["GET"]}}],"collection":[{"href":"https:\/\/buechermesse.ch\/index.php?rest_route=\/wp\/v2\/pages"}],"about":[{"href":"https:\/\/buechermesse.ch\/index.php?rest_route=\/wp\/v2\/types\/page"}],"author":[{"embeddable":true,"href":"https:\/\/buechermesse.ch\/index.php?rest_route=\/wp\/v2\/users\/1"}],"replies":[{"embeddable":true,"href":"https:\/\/buechermesse.ch\/index.php?rest_route=%2Fwp%2Fv2%2Fcomments&post=634"}],"version-history":[{"count":12,"href":"https:\/\/buechermesse.ch\/index.php?rest_route=\/wp\/v2\/pages\/634\/revisions"}],"predecessor-version":[{"id":1970,"href":"https:\/\/buechermesse.ch\/index.php?rest_route=\/wp\/v2\/pages\/634\/revisions\/1970"}],"wp:attachment":[{"href":"https:\/\/buechermesse.ch\/index.php?rest_route=%2Fwp%2Fv2%2Fmedia&parent=634"}],"curies":[{"name":"wp","href":"https:\/\/api.w.org\/{rel}","templated":true}]}}