{"id":630,"date":"2017-01-05T19:52:25","date_gmt":"2017-01-05T17:52:25","guid":{"rendered":"http:\/\/buechermesse.ch\/?page_id=630"},"modified":"2021-09-22T14:12:22","modified_gmt":"2021-09-22T12:12:22","slug":"ateliers","status":"publish","type":"page","link":"https:\/\/buechermesse.ch\/?page_id=630&lang=fr","title":{"rendered":"Ateliers"},"content":{"rendered":"<p><strong>De 11h \u00e0 13 : <\/strong>arts martiaux<strong><br \/>\n<\/strong><\/p>\n<p><strong>De 14h \u00e0 16h :\u00a0<\/strong> Mener une enqu\u00eate ouvri\u00e8re sur les probl\u00e8mes cruciaux de notre lieu de travail<a href=\"http:\/\/buechermesse.ch\/?attachment_id=1908\" rel=\"attachment wp-att-1908\"><img loading=\"lazy\" decoding=\"async\" class=\"size-medium wp-image-1908 aligncenter\" src=\"http:\/\/buechermesse.ch\/wp-content\/uploads\/2021\/03\/9781786806451-2-188x300.jpg\" alt=\"\" width=\"188\" height=\"300\" srcset=\"https:\/\/buechermesse.ch\/wp-content\/uploads\/2021\/03\/9781786806451-2-188x300.jpg 188w, https:\/\/buechermesse.ch\/wp-content\/uploads\/2021\/03\/9781786806451-2.jpg 407w\" sizes=\"auto, (max-width: 188px) 100vw, 188px\" \/><\/a><\/p>\n<p>Robert Ovetz et Gifford Hartman pr\u00e9sentent le concept des enqu\u00eates ouvri\u00e8res et montrent comment en mener une \u00e0 son lieu de travail. Robert est l\u2019\u00e9diteur du livre \u00ab\u00a0Workers\u2019 Inquiry and Global Class Struggle\u00a0\u00bb (Pluto 2020) et Gifford est membre fondateur du \u00ab\u00a0Global Supply Chain Study \/Research Group\u00a0\u00bb, formateur d\u2019adultes et historien de la classe ouvri\u00e8re.<\/p>\n<p><strong>De 14h \u00e0 16h : Jouer ! Avec les Kommunikatzen<\/strong><\/p>\n<figure class=\"wp-block-image\"><img loading=\"lazy\" decoding=\"async\" width=\"640\" height=\"640\" class=\"wp-image-1905\" src=\"https:\/\/buechermesse.ch\/wp-content\/uploads\/2021\/03\/kommunikatzen-2.jpg\" sizes=\"auto, (max-width: 640px) 100vw, 640px\" srcset=\"https:\/\/buechermesse.ch\/wp-content\/uploads\/2021\/03\/kommunikatzen-2.jpg 640w, https:\/\/buechermesse.ch\/wp-content\/uploads\/2021\/03\/kommunikatzen-2-150x150.jpg 150w, https:\/\/buechermesse.ch\/wp-content\/uploads\/2021\/03\/kommunikatzen-2-300x300.jpg 300w\" alt=\"\" \/><\/figure>\n<p>Tu connais \u00e7a : des r\u00e9unions longues et monotones, des situations nouvelles ou compliqu\u00e9es dans un quotidien politique d\u00e9j\u00e0 usant ? Ou bien organises-tu des ateliers ou rencontres-tu souvent des nouvelles personnes que tu ne connais pas encore (tr\u00e8s) bien ? Les jeux peuvent aider \u00e0 se rel\u00e2cher, \u00e0 faire connaissance, \u00e0 changer les r\u00e9unions ennuyeuses ou \u00e0 trouver des nouvelles id\u00e9es.<\/p>\n<p><strong>De 18h \u00e0 20h : Ensemble nous sommes plus fort-es ! S\u2019organiser entre travailleur-euses pr\u00e9caires<\/strong><\/p>\n<p>De plus en plus de personnes ont des emplois temporaires ou travaillent \u00e0 travers les plateformes num\u00e9riques (la \u201cgig economy\u201d). Comment s\u2019organiser dans ce genre de cas? Un atelier avec des members des syndicats de base IWW et FAU ainsi que des personnes faisant partie du Reinigungskollektiv (actuellement en lutte \u00e0 Lutherbach SO) et du collectif Riders United ZH.<\/p>\n","protected":false},"excerpt":{"rendered":"<p>De 11h \u00e0 13 : arts martiaux De 14h \u00e0 16h :\u00a0 Mener une enqu\u00eate ouvri\u00e8re sur les probl\u00e8mes cruciaux de notre lieu de travail Robert Ovetz et Gifford Hartman pr\u00e9sentent le concept des enqu\u00eates ouvri\u00e8res et montrent comment en mener une \u00e0 son lieu de travail. Robert est l\u2019\u00e9diteur du livre \u00ab\u00a0Workers\u2019 Inquiry and &hellip; <a href=\"https:\/\/buechermesse.ch\/?page_id=630&#038;lang=fr\" class=\"more-link\"><span class=\"screen-reader-text\">Ateliers<\/span> weiterlesen <span class=\"meta-nav\">&rarr;<\/span><\/a><\/p>\n","protected":false},"author":1,"featured_media":0,"parent":0,"menu_order":0,"comment_status":"closed","ping_status":"closed","template":"","meta":{"footnotes":""},"class_list":["post-630","page","type-page","status-publish","hentry"],"_links":{"self":[{"href":"https:\/\/buechermesse.ch\/index.php?rest_route=\/wp\/v2\/pages\/630","targetHints":{"allow":["GET"]}}],"collection":[{"href":"https:\/\/buechermesse.ch\/index.php?rest_route=\/wp\/v2\/pages"}],"about":[{"href":"https:\/\/buechermesse.ch\/index.php?rest_route=\/wp\/v2\/types\/page"}],"author":[{"embeddable":true,"href":"https:\/\/buechermesse.ch\/index.php?rest_route=\/wp\/v2\/users\/1"}],"replies":[{"embeddable":true,"href":"https:\/\/buechermesse.ch\/index.php?rest_route=%2Fwp%2Fv2%2Fcomments&post=630"}],"version-history":[{"count":23,"href":"https:\/\/buechermesse.ch\/index.php?rest_route=\/wp\/v2\/pages\/630\/revisions"}],"predecessor-version":[{"id":2115,"href":"https:\/\/buechermesse.ch\/index.php?rest_route=\/wp\/v2\/pages\/630\/revisions\/2115"}],"wp:attachment":[{"href":"https:\/\/buechermesse.ch\/index.php?rest_route=%2Fwp%2Fv2%2Fmedia&parent=630"}],"curies":[{"name":"wp","href":"https:\/\/api.w.org\/{rel}","templated":true}]}}