{"id":624,"date":"2017-01-05T19:49:59","date_gmt":"2017-01-05T17:49:59","guid":{"rendered":"http:\/\/buechermesse.ch\/?page_id=624"},"modified":"2021-09-22T14:11:37","modified_gmt":"2021-09-22T12:11:37","slug":"presentations-ateliers","status":"publish","type":"page","link":"https:\/\/buechermesse.ch\/?page_id=624&lang=fr","title":{"rendered":"Pr\u00e9sentations \/ Discussions"},"content":{"rendered":"\n<h3 class=\"wp-block-heading\"><strong>11-13h <\/strong><\/h3>\n\n\n\n<p>Pr\u00e9sentation du livre \u00ab&nbsp;Rebellisches Berlin. Expeditionen in die untergr\u00fcndige Stadt&nbsp;\u00bb<\/p>\n\n\n\n<p>Le livre\nraconte les conflits et r\u00e9bellions \u00e0 Berlin depuis le\n\u00ab&nbsp;Berliner&nbsp;Unwillen&nbsp;\u00bb en 1440 jusqu\u2019aux luttes actuelles autour\ndu droit \u00e0 l\u2019habitation, des loyers et de la gentrification.\n\u00ab&nbsp;Rebellisches Berlin&nbsp;\u00bb ne rappelle pas simplement le pass\u00e9 et le\nrend visible \u00e0 travers les endroits encore existants, mais souhaite \u00e9galement\n\u00eatre une contribution et une inspiration pour les luttes \u00e0 venir.&nbsp; <\/p>\n\n\n\n<h3 class=\"wp-block-heading\"><strong>16h \u2013 18h<\/strong><\/h3>\n\n\n\n<p>L\u2019usine\nViome en Gr\u00e8ce : une utopie vivante <\/p>\n\n\n\n<p>Quant\nl\u2019entreprise a fait faillite en 2011, les ouvriers\u00b7\u00e8res de Philkeram Johnson\nont occup\u00e9 l\u2019usine et commenc\u00e9 \u00e0 produire des produits de nettoyages\nbiod\u00e9gradables. Jusqu\u2019\u00e0 aujourd\u2019hui, Viome produit des produits de qualit\u00e9\ngr\u00e2ce \u00e0 une organisation horizontale et sans hi\u00e9rarchies et prouve par l\u00e0\nqu\u2019une usine autog\u00e9r\u00e9 et prosp\u00e8re n\u2019est pas une utopie. <\/p>\n\n\n\n<p>Deux ouvriers\nde Viome racontent comment le projet s\u2019est cr\u00e9\u00e9, quels ont \u00e9t\u00e9 leurs d\u00e9fis et\nquelles exp\u00e9riences ils ont acquis gr\u00e2ce \u00e0 l\u2019autogestion. <\/p>\n\n\n\n<h3 class=\"wp-block-heading\"><strong>19h-21h<\/strong><\/h3>\n\n\n\n<p>LIB\u00c9RATION\nDE L\u2019ARGENT ET DE LA PROPRI\u00c9T\u00c9 \u2013 Organiser la r\u00e9_production sans domination <\/p>\n\n\n\n<p>L\u2019atelier commencera avec une br\u00e8ve vue d\u2019ensemble de la critique des conditions actuelles (qui doit donc n\u00e9cessairement omettre quelques choses). Puis s\u2019ensuit la partie principale avec des r\u00e9flexions et quelques aspects sur comment organiser la r\u00e9_production sans domination. En conclusions, nous discuterons des pas concrets pour pouvoir nous lib\u00e9rer concr\u00e8tement un peu de l\u2019argent et de la propri\u00e9t\u00e9 en se concentrant aussi sur les processus collectifs. <\/p>\n\n\n\n<h3 class=\"wp-block-heading\">20h-21h <\/h3>\n\n\n\n<p><strong>Lecture aux bougies : \u00ab\u00a0Mines de Courri\u00e8res, ignominie capitaliste, face aux patrons-assassins, la r\u00e9volte des classes ouvri\u00e8res\u00a0\u00bb <\/strong> Une lecture de sources d&#8217;\u00e9poque pour raviver la m\u00e9moire et l&#8217;Histoire sociale combative. Et ainsi de recouvrer les luttes qui ont<br> conduit \u00e0 des conqu\u00eates sociales qui sont aujourd&#8217;hui ignor\u00e9es et qui<br> laissent que l&#8217;on fasse des concessions intol\u00e9rables aux patrons. <\/p>\n\n\n\n<h3 class=\"wp-block-heading\"><strong>21h<\/strong><\/h3>\n\n\n\n<p>Projection\ndu film \u00ab&nbsp;Radical Resilience&nbsp;\u00bb<\/p>\n\n\n\n<p>Radical\nResilience est un film qui s\u2019adresse \u00e0 toutes les personnes impliqu\u00e9es dans des\nluttes sociales et environnementales. Il souhaite sensibiliser pour les effets\ndes burnouts, individuels comme collectifs, dans nos mouvements et ouvrir la\ndiscussion sur ce th\u00e8me. <\/p>\n","protected":false},"excerpt":{"rendered":"<p>11-13h Pr\u00e9sentation du livre \u00ab&nbsp;Rebellisches Berlin. Expeditionen in die untergr\u00fcndige Stadt&nbsp;\u00bb Le livre raconte les conflits et r\u00e9bellions \u00e0 Berlin depuis le \u00ab&nbsp;Berliner&nbsp;Unwillen&nbsp;\u00bb en 1440 jusqu\u2019aux luttes actuelles autour du droit \u00e0 l\u2019habitation, des loyers et de la gentrification. \u00ab&nbsp;Rebellisches Berlin&nbsp;\u00bb ne rappelle pas simplement le pass\u00e9 et le rend visible \u00e0 travers les endroits &hellip; <a href=\"https:\/\/buechermesse.ch\/?page_id=624&#038;lang=fr\" class=\"more-link\"><span class=\"screen-reader-text\">Pr\u00e9sentations \/ Discussions<\/span> weiterlesen <span class=\"meta-nav\">&rarr;<\/span><\/a><\/p>\n","protected":false},"author":1,"featured_media":0,"parent":0,"menu_order":0,"comment_status":"closed","ping_status":"closed","template":"","meta":{"footnotes":""},"class_list":["post-624","page","type-page","status-publish","hentry"],"_links":{"self":[{"href":"https:\/\/buechermesse.ch\/index.php?rest_route=\/wp\/v2\/pages\/624","targetHints":{"allow":["GET"]}}],"collection":[{"href":"https:\/\/buechermesse.ch\/index.php?rest_route=\/wp\/v2\/pages"}],"about":[{"href":"https:\/\/buechermesse.ch\/index.php?rest_route=\/wp\/v2\/types\/page"}],"author":[{"embeddable":true,"href":"https:\/\/buechermesse.ch\/index.php?rest_route=\/wp\/v2\/users\/1"}],"replies":[{"embeddable":true,"href":"https:\/\/buechermesse.ch\/index.php?rest_route=%2Fwp%2Fv2%2Fcomments&post=624"}],"version-history":[{"count":21,"href":"https:\/\/buechermesse.ch\/index.php?rest_route=\/wp\/v2\/pages\/624\/revisions"}],"predecessor-version":[{"id":2114,"href":"https:\/\/buechermesse.ch\/index.php?rest_route=\/wp\/v2\/pages\/624\/revisions\/2114"}],"wp:attachment":[{"href":"https:\/\/buechermesse.ch\/index.php?rest_route=%2Fwp%2Fv2%2Fmedia&parent=624"}],"curies":[{"name":"wp","href":"https:\/\/api.w.org\/{rel}","templated":true}]}}