{"id":573,"date":"2017-01-05T19:16:53","date_gmt":"2017-01-05T17:16:53","guid":{"rendered":"http:\/\/buechermesse.ch\/?page_id=573"},"modified":"2021-09-22T14:14:42","modified_gmt":"2021-09-22T12:14:42","slug":"samstag","status":"publish","type":"page","link":"https:\/\/buechermesse.ch\/?page_id=573&lang=de","title":{"rendered":"Samstag"},"content":{"rendered":"\n<p><strong>10 bis 23 Uhr: <\/strong>B\u00fccherst\u00e4nde\nund Bar<\/p>\n\n\n\n<p><strong>11 bis 13 Uhr:<\/strong>\nKampfsport-Workshops \/\/ Buchpr\u00e4sentation \u201eRebellisches Berlin\u201c<\/p>\n\n\n\n<p><strong>13 Uhr:<\/strong> Mittagessen<\/p>\n\n\n\n<p><strong>14 bis 16 Uhr:<\/strong> Workshop: Untersuchung \u00fcber Engp\u00e4sse und Probleme am Arbeitsplatz erstellen\/\/ Spielen! Mit den Kommunikatzen<\/p>\n\n\n\n<p><strong>16 bis 18 Uhr: <\/strong>Die Viome-Fabrik in Griechenland: Gelebte Utopie<\/p>\n\n\n\n<p><strong>18 Uhr:<\/strong> Abendessen<\/p>\n\n\n\n<p><strong>18 Uhr bis 20 Uhr<\/strong> : Organising-Workshop: Allein machen sie dich ein, gemeinsam sind wir stark! Vernetzung unter Prek\u00e4rarbeitenden<\/p>\n\n\n\n<p><strong>19 bis 21 Uhr: <\/strong>Befreiung vom Geld und Eigentum. Herrschaftsfrei die Re_produktion organisieren<\/p>\n\n\n\n<p><strong>20 Uhr:<\/strong> Lesung bei Kerzenschein: \u00ab&nbsp;Mines de Courri\u00e8res, ignominie capitaliste, face aux patrons-assassins, la r\u00e9volte des classes ouvri\u00e8res&nbsp;\u00bb (nur auf Franz\u00f6sisch)<\/p>\n\n\n\n<p><strong>21 Uhr:<\/strong> Film \u201eRadical Resilience\u201c<\/p>\n","protected":false},"excerpt":{"rendered":"<p>10 bis 23 Uhr: B\u00fccherst\u00e4nde und Bar 11 bis 13 Uhr: Kampfsport-Workshops \/\/ Buchpr\u00e4sentation \u201eRebellisches Berlin\u201c 13 Uhr: Mittagessen 14 bis 16 Uhr: Workshop: Untersuchung \u00fcber Engp\u00e4sse und Probleme am Arbeitsplatz erstellen\/\/ Spielen! Mit den Kommunikatzen 16 bis 18 Uhr: Die Viome-Fabrik in Griechenland: Gelebte Utopie 18 Uhr: Abendessen 18 Uhr bis 20 Uhr : &hellip; <a href=\"https:\/\/buechermesse.ch\/?page_id=573&#038;lang=de\" class=\"more-link\"><span class=\"screen-reader-text\">Samstag<\/span> weiterlesen <span class=\"meta-nav\">&rarr;<\/span><\/a><\/p>\n","protected":false},"author":1,"featured_media":0,"parent":0,"menu_order":0,"comment_status":"closed","ping_status":"closed","template":"","meta":{"footnotes":""},"class_list":["post-573","page","type-page","status-publish","hentry"],"_links":{"self":[{"href":"https:\/\/buechermesse.ch\/index.php?rest_route=\/wp\/v2\/pages\/573","targetHints":{"allow":["GET"]}}],"collection":[{"href":"https:\/\/buechermesse.ch\/index.php?rest_route=\/wp\/v2\/pages"}],"about":[{"href":"https:\/\/buechermesse.ch\/index.php?rest_route=\/wp\/v2\/types\/page"}],"author":[{"embeddable":true,"href":"https:\/\/buechermesse.ch\/index.php?rest_route=\/wp\/v2\/users\/1"}],"replies":[{"embeddable":true,"href":"https:\/\/buechermesse.ch\/index.php?rest_route=%2Fwp%2Fv2%2Fcomments&post=573"}],"version-history":[{"count":12,"href":"https:\/\/buechermesse.ch\/index.php?rest_route=\/wp\/v2\/pages\/573\/revisions"}],"predecessor-version":[{"id":2117,"href":"https:\/\/buechermesse.ch\/index.php?rest_route=\/wp\/v2\/pages\/573\/revisions\/2117"}],"wp:attachment":[{"href":"https:\/\/buechermesse.ch\/index.php?rest_route=%2Fwp%2Fv2%2Fmedia&parent=573"}],"curies":[{"name":"wp","href":"https:\/\/api.w.org\/{rel}","templated":true}]}}