{"id":510,"date":"2017-01-05T15:49:56","date_gmt":"2017-01-05T13:49:56","guid":{"rendered":"http:\/\/buechermesse.ch\/?page_id=510"},"modified":"2019-09-18T19:09:35","modified_gmt":"2019-09-18T17:09:35","slug":"archiv","status":"publish","type":"page","link":"https:\/\/buechermesse.ch\/?page_id=510&lang=de","title":{"rendered":"2016"},"content":{"rendered":"<p>&nbsp;<\/p>\n<p><a href=\"http:\/\/buechermesse.ch\/wp-content\/uploads\/2016\/04\/Programme_Seite-1.jpg\"><img loading=\"lazy\" decoding=\"async\" alt=\"Programme_Seite 1\" src=\"http:\/\/buechermesse.ch\/wp-content\/uploads\/2016\/04\/Programme_Seite-1-211x300.jpg\" width=\"211\" height=\"300\" \/><\/a> \u00a0<a href=\"http:\/\/buechermesse.ch\/wp-content\/uploads\/2016\/04\/Programme_Seite-2.jpg\"><img loading=\"lazy\" decoding=\"async\" alt=\"Programme_Seite 2\" src=\"http:\/\/buechermesse.ch\/wp-content\/uploads\/2016\/04\/Programme_Seite-2-211x300.jpg\" width=\"211\" height=\"300\" \/><\/a><\/p>\n<p>Download: <a href=\"http:\/\/buechermesse.ch\/wp-content\/uploads\/2016\/03\/Programme_A5.pdf\">Programm<\/a><\/p>\n<p><b>Freitag 6. Mai: gutes Bier, B\u00fccher und Musik<\/b><\/p>\n<p><strong>18 &#8211; 23.30 Uhr:<\/strong> B\u00fcchermesse, Lese-Ecke und Bar<\/p>\n<p><strong>ab 19.30 Uhr<\/strong>: Einf\u00fchrungsveranstaltung<\/p>\n<p><strong>ab 20.30 Uhr:<\/strong> Lesungen<\/p>\n<p><strong>21.30 Uhr<\/strong>: Gypsy-Pop-Konzert (Cover-Versionen ber\u00fchmter Popsongs)<\/p>\n<p>Skandinavische Arbeiter*innenliteratur<\/p>\n<p><a href=\"http:\/\/buechermesse.ch\/wp-content\/uploads\/2016\/03\/fridellsemaine1.jpg\">\u00a0\u00a0\u00a0\u00a0\u00a0\u00a0\u00a0 <img loading=\"lazy\" decoding=\"async\" alt=\"fridellsemaine\" src=\"http:\/\/buechermesse.ch\/wp-content\/uploads\/2016\/03\/fridellsemaine1-208x300.jpg\" width=\"112\" height=\"162\" \/>\u00a0\u00a0 \u00a0 \u00a0 \u00a0 \u00a0\u00a0 <\/a><a href=\"http:\/\/buechermesse.ch\/wp-content\/uploads\/2016\/03\/71JR6ESK97L1.gif\"><img loading=\"lazy\" decoding=\"async\" alt=\"71JR6ESK97L\" src=\"http:\/\/buechermesse.ch\/wp-content\/uploads\/2016\/03\/71JR6ESK97L1-193x300.gif\" width=\"102\" height=\"158\" \/><\/a><\/p>\n<p>Buchvorstellung und Lesung aus \u201eRefuser de parvenir, id\u00e9es et pratiques\u201c (CIRA Lausanne):<\/p>\n<p><a href=\"http:\/\/buechermesse.ch\/wp-content\/uploads\/2016\/03\/COUV-refuser1.jpg\">\u00a0\u00a0\u00a0\u00a0\u00a0\u00a0\u00a0\u00a0\u00a0\u00a0\u00a0\u00a0\u00a0\u00a0\u00a0\u00a0\u00a0\u00a0\u00a0\u00a0\u00a0\u00a0 <img loading=\"lazy\" decoding=\"async\" alt=\"COUV-refuser\" src=\"http:\/\/buechermesse.ch\/wp-content\/uploads\/2016\/03\/COUV-refuser1-206x300.jpg\" width=\"155\" height=\"225\" \/><\/a><\/p>\n<p>\u201eWir leben in einer Zeit, in der Erfolg zur Vorschrift geworden ist. Erfolgreich sein heisst, sich mit Leib und Seele dem Wettbewerb zu verschreiben, um h\u00f6her hinaufzukommen als die anderen. Es gibt sie aber auch, die Menschen, die sich weigern, die Sprossen der Erfolgsleiter zu erklimmen und am Spiel der Macht teilzunehmen.<\/p>\n<p>Die Verweigerung des Erfolgs wurde und wird in der anarchistischen Bewegung breit praktiziert und diskutiert \u2013 seit Michail Bakunin, \u00c9lis\u00e9e Reclus und Emma Goldmann, unter den revolution\u00e4ren Syndikalist*innen und bis in den heutigen K\u00e4mpfen.<\/p>\n<p>Diese Textsammlung mit Beitr\u00e4gen verschiedener Autor*innen, Gespr\u00e4chen und bisher unver\u00f6ffentlichten \u00dcbersetzungen beleuchtet verschiedene Aspekte dieses radikalen Prinzips des Widerstands.\u201c<\/p>\n<p><a href=\"http:\/\/buechermesse.ch\/wp-content\/uploads\/2014\/11\/Refuser-de-parvenir-Inhaltsverzeichnis-auf-Franzo\u0308sisch.pdf\">Refuser de parvenir &#8211; Inhaltsverzeichnis (auf Franzo\u0308sisch)<\/a><\/p>\n<p><b>Samstag 7. Mai<\/b>:<\/p>\n<p><strong>B\u00fcchermesse<\/strong>: 10 \u2013 18 Uhr<\/p>\n<p><strong>Veranstaltungen:<\/strong><\/p>\n<p>Alle Veranstaltungen finden auf Deutsch, Franz\u00f6sisch oder Englisch statt und werden \u00fcbersetzt.<\/p>\n<p><strong>10.30 \u2013 12.30 Uhr:<\/strong><\/p>\n<p><strong>Schweden: Sans-Papiers und Arbeitskampf &#8211; <em>Casa d&#8217;Italia<\/em><br \/>\n<\/strong><\/p>\n<p>mit <a href=\"https:\/\/amaliaalvarez.wordpress.com\/media\/\">Amalia Alvarez<\/a><\/p>\n<p>In den letzten Jahren entstand in Schweden ein selbstorganisierter Arbeitskampf von bis zu tausend undokumentierten Arbeiter*innen. Amalia Alvarez berichtet \u00fcber die Anf\u00e4nge der Selbstorganisation, die kulturellen Differenzen in der Art, sich zu organisieren, die Tradition der direkten Aktion, die \u201eRegistro\u201c genannt wurde, \u00fcber die gewonnenen K\u00e4mpfe, \u00fcber den Internationalismus der Bewegung, \u00fcber die Kriminalisierung der \u201eRegistro\u201c-Methode durch die Presse, \u00fcber die erfolgreichen direkten Aktionen, \u00fcber den Rekrutierungsprozess, der dazu f\u00fchrte, dass sich \u00fcber tausend Arbeiter*innen organisierten, \u00fcber die Kriminalisierung der Bewegung durch die Presse und die anarchosyndikalistische SAC, \u00fcber ihren Ausschluss aus der SAC und die Situation der undokumentierten Arbeiter*innen in Schweden nach diesem Ausschluss.<\/p>\n<p><a href=\"http:\/\/buechermesse.ch\/wp-content\/uploads\/2014\/11\/amalia-alvarez.jpg\">\u00a0\u00a0\u00a0\u00a0\u00a0\u00a0\u00a0\u00a0\u00a0\u00a0\u00a0\u00a0\u00a0\u00a0\u00a0\u00a0\u00a0\u00a0\u00a0\u00a0\u00a0\u00a0\u00a0\u00a0\u00a0\u00a0\u00a0\u00a0\u00a0\u00a0\u00a0\u00a0\u00a0\u00a0\u00a0\u00a0\u00a0\u00a0 <img loading=\"lazy\" decoding=\"async\" alt=\"amalia-alvarez\" src=\"http:\/\/buechermesse.ch\/wp-content\/uploads\/2014\/11\/amalia-alvarez-221x300.jpg\" width=\"134\" height=\"182\" \/><\/a><\/p>\n<p>Aus dieser Erfahrung ist ein Comic (auf Schwedisch-Spanisch und Englisch) entstanden: \u201e<a href=\"https:\/\/tintaxnegra.wordpress.com\/2014\/02\/01\/alvarez-a-cinco-historias-de-mujeres-indocumentadas\/\">Cinco historias de mujeres indocumentadas<\/a>\u201c (F\u00fcnf Geschichten von papierlosen Frauen) Wie wurde es verfasst? Wie kann eine Kampferfahrung in Buchform gefasst werden?<\/p>\n<p><strong>Buchpr\u00e4sentation: <a href=\"https:\/\/bahoebooks.net\/start_de.php?action=201&amp;id=23\">Die schwedischen Ausschreitungen &#8211; Brandstiftungen mit Folgen <strong><em><\/em><\/strong><\/a><\/strong>&#8211; <em><strong>Restaurant Warteck<\/strong><\/em><\/p>\n<p><a href=\"http:\/\/buechermesse.ch\/wp-content\/uploads\/2014\/11\/schwedischen_ausschreitungen.jpg\">\u00a0\u00a0\u00a0\u00a0\u00a0\u00a0\u00a0\u00a0\u00a0\u00a0\u00a0\u00a0\u00a0\u00a0\u00a0\u00a0\u00a0\u00a0\u00a0\u00a0\u00a0\u00a0\u00a0\u00a0\u00a0\u00a0\u00a0\u00a0\u00a0\u00a0\u00a0\u00a0\u00a0\u00a0\u00a0\u00a0\u00a0\u00a0\u00a0\u00a0\u00a0\u00a0 <img loading=\"lazy\" decoding=\"async\" alt=\"schwedischen_ausschreitungen\" src=\"http:\/\/buechermesse.ch\/wp-content\/uploads\/2014\/11\/schwedischen_ausschreitungen-180x300.jpg\" width=\"108\" height=\"181\" \/><\/a><\/p>\n<p>Nachdem ein portugiesischer Einwanderer von der schwedischen Polizei erschossen worden war, kam es am 19. Mai 2013 in Husby, einem armen Vorstadtquartier, wo viele Einwanderer leben, zu heftigen und lang andauernden Ausschreitungen. Diese Ausschreitungen breiteten sich in verschiedenen Quartieren aus, Hunderte von Autos brannten, Polizeiposten wurden koordiniert angegriffen und Forderungen nach tieferen Mieten an die W\u00e4nde gesprayt. Diese Entwicklungen, welche von der europ\u00e4ischen Medienlandschaft gr\u00f6sstenteils ignoriert wurden, \u00fcberraschen gerade in Hinblick auf den oft gepriesenen schwedischen Wohlfahrtsstaat. Zaschia Bouzarri ordnet in ihrem Essay diese Ereignisse historisch ein und erkl\u00e4rt ihre gesellschaftlichen Grundlagen.<\/p>\n<p>&nbsp;<\/p>\n<p><strong>13.00 \u2013 15.00:<\/strong><\/p>\n<p><strong>Anarchismus in Finnland: Die M\u00e4rzrevolution von 1917 &#8211; <strong><em>Casa d&#8217;Italia<\/em> <\/strong><br \/>\n<\/strong><\/p>\n<p>Helsinki, 1917. Die Februar-\/M\u00e4rzrevolution \u00f6ffnet die Schleusen der Anarchie, welche die sozialistische F\u00fchrung unbedingt geschlossen halten wollte. Es kommt zu Streiks und Unruhen, <i>taxation populaire<\/i> durch hungrige und w\u00fctende Mobs und direkten Aktionen ausserhalb von Parteien und Gewerkschaften. Verschiedene Akteure sind beteiligt, darunter ein \u201efinnischer Tolstoi\u201c und sein alter Freund, ein deklassierter Anwalt und verr\u00fcckter Anarchokommunist, die russischen anarchistischen Matrosen, die in Helsinki stationiert sind, und ein Bolschewik, der verzweifelt versucht, die Kontrolle und Ordnung zu bewahren.<\/p>\n<p><a href=\"http:\/\/buechermesse.ch\/wp-content\/uploads\/2016\/03\/Zusammenfassung-auf-Englisch.pdf\">Zusammenfassung (auf Englisch)<\/a><\/p>\n<p><strong>D\u00e4nemark: Ungdomshuset. Kampf um Freiraum <strong>&#8211; <em>Restaurant Warteck<\/em><\/strong><br \/>\n<\/strong><\/p>\n<p>Ein Aktivist aus dem Umfeld des Kopenhagener Ungdomshuset (Jugendhaus) berichtet\u00a0 von den K\u00e4mpfen rund um das Projekt. In einem zweiten Teil wird er zusammen mit Aktivist_innen vom AkuT in Thun und euch \u00fcber Freir\u00e4ume und alternative\/soziale Zentren diskutieren.<\/p>\n<p>&nbsp;<\/p>\n<p><strong>15.30 \u2013 17.30:<\/strong><\/p>\n<p><strong>Anarchafeminismus in Norwegen + Workshop: \u201eRhetorik f\u00fcr Aktivist*innen\u201c &#8211; <strong><em>Casa d&#8217;Italia<\/em> <\/strong><br \/>\n<\/strong><\/p>\n<p>Erster Teil: Pr\u00e4sentation \u00fcber den Anarchafeminismus in Norwegen mit einer kurzen Einf\u00fchrung in Norwegens Politiklandschaft und die aktuelle feministische\/linksradikale Bewegung.<\/p>\n<p align=\"left\">Zweiter Teil: Praktischer Workshop \u201eRhetoric for radicals\u201c (Rhetorik f\u00fcr Aktivist*innen): \u00d6ffentlich sprechen und politische Statements effizienter kommunizieren. Ein Workshop zu Kommunikation, Interviewtechniken und Stimmf\u00fchrung mit Inputs aus der feministischen Radioarbeit, den Kommunikationswissenschaften und aus Erfahrungen in verschiedenen Politzusammenh\u00e4ngen.<\/p>\n<p><strong>Finnland: Stop Fennovoima! \u2013 Protestcamp gegen das AKW von Fennovoima &#8211; <em>Restaurant Warteck<\/em><br \/>\n<\/strong><\/p>\n<p>Das Protestcamp entstand im April 2015, als Fennovoima und Rosatom die vorbereitenden Arbeiten f\u00fcr das AKW auf der Halbinsel Hanhikivi in Pyh\u00e4joki begannen. Als der Kahlschlag und die Aufsch\u00fcttungen anfingen, zogen die Aktivist*innen ein und folgte eine lange Kampagne des zivilen Ungehorsams. Im September wurde das urspr\u00fcngliche Camp ger\u00e4umt und umgehend an einem anderen Ort ein neues gegr\u00fcndet.<\/p>\n<p><strong>\u00a0Samstagabend: Konzerte!<\/strong><\/p>\n<p>Doors 21 Uhr, Konzerte 22 Uhr<\/p>\n<p>Abrassiv (Postpunk, Wetzikon), Les vaches laiti\u00e8res (Punk + K\u00fche, Calvingrad), Cousin Boneless (Folkpunk, ami)<\/p>\n<p><a href=\"http:\/\/buechermesse.ch\/wp-content\/uploads\/2016\/03\/konzibuchmesse-7.5.16.png\"><img loading=\"lazy\" decoding=\"async\" alt=\"konzibuchmesse 7.5.16\" src=\"http:\/\/buechermesse.ch\/wp-content\/uploads\/2016\/03\/konzibuchmesse-7.5.16-300x212.png\" width=\"300\" height=\"212\" \/><\/a><\/p>\n<p><a href=\"http:\/\/buechermesse.ch\/wp-content\/uploads\/2016\/03\/konzibuchmesse-7.5.16.pdf\">Flyer Konzerte<\/a><\/p>\n<p><b>Sonntag 8. Mai<\/b>:<\/p>\n<p>ab 11 Uhr: Veganer Brunch und Kubbturnier im Innenhof der Unitobler, Lerchenweg 32, Bern<\/p>\n","protected":false},"excerpt":{"rendered":"<p>&nbsp; \u00a0 Download: Programm Freitag 6. Mai: gutes Bier, B\u00fccher und Musik 18 &#8211; 23.30 Uhr: B\u00fcchermesse, Lese-Ecke und Bar ab 19.30 Uhr: Einf\u00fchrungsveranstaltung ab 20.30 Uhr: Lesungen 21.30 Uhr: Gypsy-Pop-Konzert (Cover-Versionen ber\u00fchmter Popsongs) Skandinavische Arbeiter*innenliteratur \u00a0\u00a0\u00a0\u00a0\u00a0\u00a0\u00a0 \u00a0\u00a0 \u00a0 \u00a0 \u00a0 \u00a0\u00a0 Buchvorstellung und Lesung aus \u201eRefuser de parvenir, id\u00e9es et pratiques\u201c (CIRA Lausanne): \u00a0\u00a0\u00a0\u00a0\u00a0\u00a0\u00a0\u00a0\u00a0\u00a0\u00a0\u00a0\u00a0\u00a0\u00a0\u00a0\u00a0\u00a0\u00a0\u00a0\u00a0\u00a0 &hellip; <a href=\"https:\/\/buechermesse.ch\/?page_id=510&#038;lang=de\" class=\"more-link\"><span class=\"screen-reader-text\">2016<\/span> weiterlesen <span class=\"meta-nav\">&rarr;<\/span><\/a><\/p>\n","protected":false},"author":1,"featured_media":0,"parent":0,"menu_order":0,"comment_status":"closed","ping_status":"closed","template":"","meta":{"footnotes":""},"class_list":["post-510","page","type-page","status-publish","hentry"],"_links":{"self":[{"href":"https:\/\/buechermesse.ch\/index.php?rest_route=\/wp\/v2\/pages\/510","targetHints":{"allow":["GET"]}}],"collection":[{"href":"https:\/\/buechermesse.ch\/index.php?rest_route=\/wp\/v2\/pages"}],"about":[{"href":"https:\/\/buechermesse.ch\/index.php?rest_route=\/wp\/v2\/types\/page"}],"author":[{"embeddable":true,"href":"https:\/\/buechermesse.ch\/index.php?rest_route=\/wp\/v2\/users\/1"}],"replies":[{"embeddable":true,"href":"https:\/\/buechermesse.ch\/index.php?rest_route=%2Fwp%2Fv2%2Fcomments&post=510"}],"version-history":[{"count":4,"href":"https:\/\/buechermesse.ch\/index.php?rest_route=\/wp\/v2\/pages\/510\/revisions"}],"predecessor-version":[{"id":551,"href":"https:\/\/buechermesse.ch\/index.php?rest_route=\/wp\/v2\/pages\/510\/revisions\/551"}],"wp:attachment":[{"href":"https:\/\/buechermesse.ch\/index.php?rest_route=%2Fwp%2Fv2%2Fmedia&parent=510"}],"curies":[{"name":"wp","href":"https:\/\/api.w.org\/{rel}","templated":true}]}}