{"id":39,"date":"2014-11-27T16:14:12","date_gmt":"2014-11-27T14:14:12","guid":{"rendered":"http:\/\/buechermesse.ch\/?page_id=39"},"modified":"2020-01-22T16:06:02","modified_gmt":"2020-01-22T14:06:02","slug":"helfen","status":"publish","type":"page","link":"https:\/\/buechermesse.ch\/?page_id=39&lang=de","title":{"rendered":"Helfen"},"content":{"rendered":"<p>Vielen Dank f\u00fcr dein Interesse! Du kannst auf vielf\u00e4ltige Art bei der anarchistischen Buchmesse mithelfen:<\/p>\n<ul>\n<li>Als <b>Referent*in \/ Workshopleiter*in \/ K\u00fcnstler*in<\/b>: W\u00fcrdest du gerne eine Lesung oder ein Referat halten, einen Film vorf\u00fchren, eine Ausstellung machen oder einen Workshop rund um das Thema Anarchismus anbieten? Gerne! Melde dich unter info@buechermesse.ch<\/li>\n<li>Als <b>Helfer*in<\/b>: Die Organisation eines solchen Anlasses gibt einiges zu tun, wir sind also sehr froh um Unterst\u00fctzung. Sei es im Vorfeld oder w\u00e4hrend der Buchmesse selbst: Flyer verteilen, Plakate kleben, Solianl\u00e4sse organisieren, Aufstellen und Abr\u00e4umen der Infrastruktur, Anbieten von \u00dcbernachtungsm\u00f6glichkeiten, Betreuung des Infostands, Barschichten usw. Wenn du Interesse hast, melde dich doch bitte unter info@buechermesse.ch!<\/li>\n<\/ul>\n","protected":false},"excerpt":{"rendered":"<p>Vielen Dank f\u00fcr dein Interesse! Du kannst auf vielf\u00e4ltige Art bei der anarchistischen Buchmesse mithelfen: Als Referent*in \/ Workshopleiter*in \/ K\u00fcnstler*in: W\u00fcrdest du gerne eine Lesung oder ein Referat halten, einen Film vorf\u00fchren, eine Ausstellung machen oder einen Workshop rund um das Thema Anarchismus anbieten? Gerne! Melde dich unter info@buechermesse.ch Als Helfer*in: Die Organisation eines &hellip; <a href=\"https:\/\/buechermesse.ch\/?page_id=39&#038;lang=de\" class=\"more-link\"><span class=\"screen-reader-text\">Helfen<\/span> weiterlesen <span class=\"meta-nav\">&rarr;<\/span><\/a><\/p>\n","protected":false},"author":1,"featured_media":0,"parent":0,"menu_order":4,"comment_status":"closed","ping_status":"closed","template":"","meta":{"footnotes":""},"class_list":["post-39","page","type-page","status-publish","hentry"],"_links":{"self":[{"href":"https:\/\/buechermesse.ch\/index.php?rest_route=\/wp\/v2\/pages\/39","targetHints":{"allow":["GET"]}}],"collection":[{"href":"https:\/\/buechermesse.ch\/index.php?rest_route=\/wp\/v2\/pages"}],"about":[{"href":"https:\/\/buechermesse.ch\/index.php?rest_route=\/wp\/v2\/types\/page"}],"author":[{"embeddable":true,"href":"https:\/\/buechermesse.ch\/index.php?rest_route=\/wp\/v2\/users\/1"}],"replies":[{"embeddable":true,"href":"https:\/\/buechermesse.ch\/index.php?rest_route=%2Fwp%2Fv2%2Fcomments&post=39"}],"version-history":[{"count":5,"href":"https:\/\/buechermesse.ch\/index.php?rest_route=\/wp\/v2\/pages\/39\/revisions"}],"predecessor-version":[{"id":1863,"href":"https:\/\/buechermesse.ch\/index.php?rest_route=\/wp\/v2\/pages\/39\/revisions\/1863"}],"wp:attachment":[{"href":"https:\/\/buechermesse.ch\/index.php?rest_route=%2Fwp%2Fv2%2Fmedia&parent=39"}],"curies":[{"name":"wp","href":"https:\/\/api.w.org\/{rel}","templated":true}]}}