{"id":36,"date":"2014-11-27T15:45:05","date_gmt":"2014-11-27T13:45:05","guid":{"rendered":"http:\/\/buechermesse.ch\/?page_id=36"},"modified":"2021-09-11T12:22:00","modified_gmt":"2021-09-11T10:22:00","slug":"auf-einen-blick","status":"publish","type":"page","link":"https:\/\/buechermesse.ch\/?page_id=36&lang=de","title":{"rendered":"Auf einen Blick"},"content":{"rendered":"<p><b>Was?<\/b><\/p>\n<p>Die Buchmesse bietet einen \u00dcberblick \u00fcber die Publikationen von zahlreichen antiautorit\u00e4ren, dem Anarchismus nahe stehenden Verlagen und Organisationen aus der Schweiz, Deutschland, Frankreich, Italien, &#8230; Parallel zum Anlass finden Lesungen, Vortr\u00e4ge, Diskussionsrunden und Konzerte statt.<\/p>\n<p><b>Wann?<\/b><\/p>\n<p>Vom 24. bis am 26. September 2021<\/p>\n<p><b>Wo?<\/b><\/p>\n<p>Im Quartierzentrum im Tscharnergut in Bern (Waldmannstrasse 17a)<\/p>\n<p><b>Eintritt?<\/b><\/p>\n<p>Der Besuch ist gratis.<\/p>\n<p><strong>Kann ich helfen?<\/strong><\/p>\n<p>Ja!<\/p>\n<p><strong>Wie?<\/strong><\/p>\n<p>Wenn du Interesse hast, melde dich doch bitte unter info@buechermesse.ch!<\/p>\n<p><strong>Anarchie?<\/strong><\/p>\n<p>Auf der Messe wirds viele B\u00fccher zu dem Thema geben &#8211; komm dich bilden!<\/p>\n<p><strong>COVID-Zertifikat?<\/strong><\/p>\n<p>Damit die B\u00fcchermesse stattfinden kann, m\u00fcssen wir euch bitten, ein Zertifikat mitzubringen. Das heisst auf keinen Fall, dass wir diese Massnahme unterst\u00fctzen, aber eine Absage kam f\u00fcr uns zu diesem sp\u00e4ten Zeitpunkt nicht mehr in Frage.<\/p>\n","protected":false},"excerpt":{"rendered":"<p>Was? Die Buchmesse bietet einen \u00dcberblick \u00fcber die Publikationen von zahlreichen antiautorit\u00e4ren, dem Anarchismus nahe stehenden Verlagen und Organisationen aus der Schweiz, Deutschland, Frankreich, Italien, &#8230; Parallel zum Anlass finden Lesungen, Vortr\u00e4ge, Diskussionsrunden und Konzerte statt. Wann? Vom 24. bis am 26. September 2021 Wo? Im Quartierzentrum im Tscharnergut in Bern (Waldmannstrasse 17a) Eintritt? Der &hellip; <a href=\"https:\/\/buechermesse.ch\/?page_id=36&#038;lang=de\" class=\"more-link\"><span class=\"screen-reader-text\">Auf einen Blick<\/span> weiterlesen <span class=\"meta-nav\">&rarr;<\/span><\/a><\/p>\n","protected":false},"author":1,"featured_media":0,"parent":0,"menu_order":1,"comment_status":"closed","ping_status":"closed","template":"","meta":{"footnotes":""},"class_list":["post-36","page","type-page","status-publish","hentry"],"_links":{"self":[{"href":"https:\/\/buechermesse.ch\/index.php?rest_route=\/wp\/v2\/pages\/36","targetHints":{"allow":["GET"]}}],"collection":[{"href":"https:\/\/buechermesse.ch\/index.php?rest_route=\/wp\/v2\/pages"}],"about":[{"href":"https:\/\/buechermesse.ch\/index.php?rest_route=\/wp\/v2\/types\/page"}],"author":[{"embeddable":true,"href":"https:\/\/buechermesse.ch\/index.php?rest_route=\/wp\/v2\/users\/1"}],"replies":[{"embeddable":true,"href":"https:\/\/buechermesse.ch\/index.php?rest_route=%2Fwp%2Fv2%2Fcomments&post=36"}],"version-history":[{"count":22,"href":"https:\/\/buechermesse.ch\/index.php?rest_route=\/wp\/v2\/pages\/36\/revisions"}],"predecessor-version":[{"id":2021,"href":"https:\/\/buechermesse.ch\/index.php?rest_route=\/wp\/v2\/pages\/36\/revisions\/2021"}],"wp:attachment":[{"href":"https:\/\/buechermesse.ch\/index.php?rest_route=%2Fwp%2Fv2%2Fmedia&parent=36"}],"curies":[{"name":"wp","href":"https:\/\/api.w.org\/{rel}","templated":true}]}}