{"id":251,"date":"2015-05-13T14:20:08","date_gmt":"2015-05-13T12:20:08","guid":{"rendered":"http:\/\/buechermesse.ch\/?page_id=251"},"modified":"2021-09-22T14:05:31","modified_gmt":"2021-09-22T12:05:31","slug":"programme-2-2","status":"publish","type":"page","link":"https:\/\/buechermesse.ch\/?page_id=251&lang=en","title":{"rendered":"Programme"},"content":{"rendered":"<h1>Friday 24 September 2021<\/h1>\n<p><strong>5pm \u2013 9pm<\/strong>: book stalls and bar<\/p>\n<p><strong>6pm:<\/strong> dinner<\/p>\n<p><strong>7pm-9pm<\/strong>: Book presentation: La Ligue d\u2019action du b\u00e2timent. L\u2019anarchisme \u00e0 la conqu\u00eate des chantiers genevois dans l\u2019entre-deux-guerres<\/p>\n<p><strong>9pm : <\/strong>movie screenig &#8222;Next Stop Utopia&#8220; about the Viome factory in Greece<\/p>\n<p><strong>7pm-11pm<\/strong>: game night<\/p>\n<h1>Saturday 25 September 2021<\/h1>\n<p>10 am \u2013 11pm: book stalls and bar<\/p>\n<p><strong>11am-1pm<\/strong>: contact sports \/\/ book presentation \u201eRebellisches Berlin\u201c<\/p>\n<p><strong>1pm-2pm<\/strong>: lunch<\/p>\n<p><strong>2pm-4pm:<\/strong> Workshop : Doing a Workers&#8216; Inquiry of Choke Points at Work. \/\/ Play! With the Kommunikatzen<\/p>\n<p><strong>4pm-6pm: <\/strong>The Viome factory in Greece: living utopia<\/p>\n<p><strong>6pm<\/strong>: dinner<\/p>\n<p><strong>6pm-8pm:<\/strong> Organising workshop: Union makes us strong! Organising in temporary jobs and the gig economy<\/p>\n<p><strong>7pm-9pm:<\/strong> Presentation: LIBERATION FROM MONEY AND PROPERTY \u2013 organising the re_production without domination<strong><br \/>\n<\/strong><\/p>\n<p><strong>8pm: <\/strong>Candle light reading\u00a0: \u00ab\u00a0Mines de Courri\u00e8res, ignominie capitaliste, face aux patrons-assassins, la r\u00e9volte des classes ouvri\u00e8res\u00a0\u00bb (in French only)<\/p>\n<p><strong>9pm:<\/strong> movie screening \u201cRadical Resilience\u201c<\/p>\n<h1>Sunday 26 September 2021<\/h1>\n<p><strong>10 am \u2013 4pm: <\/strong>book stalls and bar<\/p>\n<p><strong>10am \u2013 1pm: <\/strong>Brunch<\/p>\n<p><strong>11am \u2013 1pm:<\/strong> Presentation Corona solifon<\/p>\n<p><strong>1pm \u2013 3 pm<\/strong>: Health workers\u2019 struggle for better working conditions<\/p>\n<p>We would like to keep the book fair alive and as open as possible. Please bring a certificate. This does not mean in any way that we approve of the current policy but cancelling the book fair is not an option for us at this stage.<\/p>\n","protected":false},"excerpt":{"rendered":"<p>Friday 24 September 2021 5pm \u2013 9pm: book stalls and bar 6pm: dinner 7pm-9pm: Book presentation: La Ligue d\u2019action du b\u00e2timent. L\u2019anarchisme \u00e0 la conqu\u00eate des chantiers genevois dans l\u2019entre-deux-guerres 9pm : movie screenig &#8222;Next Stop Utopia&#8220; about the Viome factory in Greece 7pm-11pm: game night Saturday 25 September 2021 10 am \u2013 11pm: book &hellip; <a href=\"https:\/\/buechermesse.ch\/?page_id=251&#038;lang=en\" class=\"more-link\"><span class=\"screen-reader-text\">Programme<\/span> weiterlesen <span class=\"meta-nav\">&rarr;<\/span><\/a><\/p>\n","protected":false},"author":1,"featured_media":0,"parent":0,"menu_order":3,"comment_status":"closed","ping_status":"closed","template":"","meta":{"footnotes":""},"class_list":["post-251","page","type-page","status-publish","hentry"],"_links":{"self":[{"href":"https:\/\/buechermesse.ch\/index.php?rest_route=\/wp\/v2\/pages\/251","targetHints":{"allow":["GET"]}}],"collection":[{"href":"https:\/\/buechermesse.ch\/index.php?rest_route=\/wp\/v2\/pages"}],"about":[{"href":"https:\/\/buechermesse.ch\/index.php?rest_route=\/wp\/v2\/types\/page"}],"author":[{"embeddable":true,"href":"https:\/\/buechermesse.ch\/index.php?rest_route=\/wp\/v2\/users\/1"}],"replies":[{"embeddable":true,"href":"https:\/\/buechermesse.ch\/index.php?rest_route=%2Fwp%2Fv2%2Fcomments&post=251"}],"version-history":[{"count":36,"href":"https:\/\/buechermesse.ch\/index.php?rest_route=\/wp\/v2\/pages\/251\/revisions"}],"predecessor-version":[{"id":2108,"href":"https:\/\/buechermesse.ch\/index.php?rest_route=\/wp\/v2\/pages\/251\/revisions\/2108"}],"wp:attachment":[{"href":"https:\/\/buechermesse.ch\/index.php?rest_route=%2Fwp%2Fv2%2Fmedia&parent=251"}],"curies":[{"name":"wp","href":"https:\/\/api.w.org\/{rel}","templated":true}]}}