{"id":2082,"date":"2021-09-20T13:50:24","date_gmt":"2021-09-20T11:50:24","guid":{"rendered":"http:\/\/buechermesse.ch\/?page_id=2082"},"modified":"2021-09-20T13:55:22","modified_gmt":"2021-09-20T11:55:22","slug":"presentations-discussions-4","status":"publish","type":"page","link":"https:\/\/buechermesse.ch\/?page_id=2082&lang=fr","title":{"rendered":"Pr\u00e9sentations \/ discussions DI"},"content":{"rendered":"\n<h3 class=\"wp-block-heading\">De 11h \u00e0 13h <\/h3>\n\n\n\n<p>Corona\nsolifon<\/p>\n\n\n\n<p>Fin mars 2020, une hotline pour les employ\u00e9-es sans pr\u00e9c\u00e9dent f\u00fbt cr\u00e9\u00e9e en Suisse. Depuis, elle fonctionne de mani\u00e8re fiable gr\u00e2ce \u00e0 des b\u00e9n\u00e9voles et fournit des conseils en mati\u00e8re de droit du travail et de droit social. Des militant-es pr\u00e9sentent le projet apr\u00e8s un an d\u2019existence et donnent une autre perspective de corona et de ses effets. <\/p>\n\n\n\n<h3 class=\"wp-block-heading\">De 13h \u00e0 15h <\/h3>\n\n\n\n<p>Les\ntravailleur\u00b7euses de la sant\u00e9 en lutte <\/p>\n\n\n\n<p>D\u00e9j\u00e0\navant la pand\u00e9mie actuelle, le personnel de sant\u00e9 se trouvait sous grande\npression en Suisse et la lutte de travail couve depuis un moment. Actuellement,\nde plus en plus de travailleur\u00b7euses s\u2019engagent et s\u2019organisent. <\/p>\n\n\n\n<p>Une\nintroduction par deux membres du syndicat du personnel de sant\u00e9 de la FAU\nSuisse suivie d\u2019une discussion sur la participation \u00e0 cette lutte et la\nsolidarit\u00e9 avec les travailleur\u00b7euses de la sant\u00e9. <\/p>\n","protected":false},"excerpt":{"rendered":"<p>De 11h \u00e0 13h Corona solifon Fin mars 2020, une hotline pour les employ\u00e9-es sans pr\u00e9c\u00e9dent f\u00fbt cr\u00e9\u00e9e en Suisse. Depuis, elle fonctionne de mani\u00e8re fiable gr\u00e2ce \u00e0 des b\u00e9n\u00e9voles et fournit des conseils en mati\u00e8re de droit du travail et de droit social. Des militant-es pr\u00e9sentent le projet apr\u00e8s un an d\u2019existence et donnent &hellip; <a href=\"https:\/\/buechermesse.ch\/?page_id=2082&#038;lang=fr\" class=\"more-link\"><span class=\"screen-reader-text\">Pr\u00e9sentations \/ discussions DI<\/span> weiterlesen <span class=\"meta-nav\">&rarr;<\/span><\/a><\/p>\n","protected":false},"author":1,"featured_media":0,"parent":0,"menu_order":0,"comment_status":"closed","ping_status":"closed","template":"","meta":{"footnotes":""},"class_list":["post-2082","page","type-page","status-publish","hentry"],"_links":{"self":[{"href":"https:\/\/buechermesse.ch\/index.php?rest_route=\/wp\/v2\/pages\/2082","targetHints":{"allow":["GET"]}}],"collection":[{"href":"https:\/\/buechermesse.ch\/index.php?rest_route=\/wp\/v2\/pages"}],"about":[{"href":"https:\/\/buechermesse.ch\/index.php?rest_route=\/wp\/v2\/types\/page"}],"author":[{"embeddable":true,"href":"https:\/\/buechermesse.ch\/index.php?rest_route=\/wp\/v2\/users\/1"}],"replies":[{"embeddable":true,"href":"https:\/\/buechermesse.ch\/index.php?rest_route=%2Fwp%2Fv2%2Fcomments&post=2082"}],"version-history":[{"count":2,"href":"https:\/\/buechermesse.ch\/index.php?rest_route=\/wp\/v2\/pages\/2082\/revisions"}],"predecessor-version":[{"id":2085,"href":"https:\/\/buechermesse.ch\/index.php?rest_route=\/wp\/v2\/pages\/2082\/revisions\/2085"}],"wp:attachment":[{"href":"https:\/\/buechermesse.ch\/index.php?rest_route=%2Fwp%2Fv2%2Fmedia&parent=2082"}],"curies":[{"name":"wp","href":"https:\/\/api.w.org\/{rel}","templated":true}]}}