{"id":171,"date":"2015-04-11T11:13:05","date_gmt":"2015-04-11T09:13:05","guid":{"rendered":"http:\/\/buechermesse.ch\/?page_id=171"},"modified":"2015-04-15T08:35:59","modified_gmt":"2015-04-15T06:35:59","slug":"inscription","status":"publish","type":"page","link":"https:\/\/buechermesse.ch\/?page_id=171&lang=fr","title":{"rendered":"Inscription"},"content":{"rendered":"<p><strong>Stands:<\/strong><\/p>\n<p>Si vous \u00e9crivez ou \u00e9ditez des ouvrages sur l\u2019anarchisme, si vous \u00eates membre d\u2019un collectif libertaire ou r\u00e9dacteur\/r\u00e9dactrice d\u2019un journal, le salon du livre anarchiste vous offre la possibilit\u00e9 de pr\u00e9senter vos livres, brochures, pamphlets, revues, CD ou v\u00eatements. Votre participation en personne est souhaitable, mais si vous ne pouvez pas vous d\u00e9placer jusqu\u2019\u00e0 Berne et que vous avez des objets \u00e0 exposer gratuitement, vous pouvez prendre contact avec nous par e-mail pour plus de d\u00e9tails.<\/p>\n<p>Afin de couvrir les frais du salon (location de la salle, frais de publicit\u00e9, etc.), nous demandons une participation de 30 francs par table de stand. Mais que cela ne vous emp\u00eache pas de venir ! Si ce n\u2019est pas dans vos moyens, dites-le nous et nous trouverons une solution.<\/p>\n<p>Les tables mesurent 1,6 x 0,8 m environ. Merci de prendre en consid\u00e9ration que nous ne pouvons pas garantir une table par exposant. Si vous souhaitez vous inscrire pour un stand commun avec une autre organisation, merci de l\u2019annoncer lors de votre inscription.<\/p>\n<p><strong>Les inscriptions se font par courriel \u00e0 info@buechermesse.ch<\/strong>. Merci de pr\u00e9ciser combien de tables il vous faut et combien de personnes vous serez.<\/p>\n<h5>Manifestations<\/h5>\n<p>Si vous souhaitez faire une lecture ou un expos\u00e9, montrer un film, organiser une exposition ou un atelier autour du th\u00e8me de l\u2019anarchie, n\u2019h\u00e9sitez pas \u00e0 nous \u00e9crire \u00e0 <a href=\"mailto:info@buechermesse.ch\">info@buechermesse.ch<\/a>.<\/p>\n","protected":false},"excerpt":{"rendered":"<p>Stands: Si vous \u00e9crivez ou \u00e9ditez des ouvrages sur l\u2019anarchisme, si vous \u00eates membre d\u2019un collectif libertaire ou r\u00e9dacteur\/r\u00e9dactrice d\u2019un journal, le salon du livre anarchiste vous offre la possibilit\u00e9 de pr\u00e9senter vos livres, brochures, pamphlets, revues, CD ou v\u00eatements. Votre participation en personne est souhaitable, mais si vous ne pouvez pas vous d\u00e9placer jusqu\u2019\u00e0 &hellip; <a href=\"https:\/\/buechermesse.ch\/?page_id=171&#038;lang=fr\" class=\"more-link\"><span class=\"screen-reader-text\">Inscription<\/span> weiterlesen <span class=\"meta-nav\">&rarr;<\/span><\/a><\/p>\n","protected":false},"author":1,"featured_media":0,"parent":0,"menu_order":5,"comment_status":"closed","ping_status":"closed","template":"","meta":{"footnotes":""},"class_list":["post-171","page","type-page","status-publish","hentry"],"_links":{"self":[{"href":"https:\/\/buechermesse.ch\/index.php?rest_route=\/wp\/v2\/pages\/171","targetHints":{"allow":["GET"]}}],"collection":[{"href":"https:\/\/buechermesse.ch\/index.php?rest_route=\/wp\/v2\/pages"}],"about":[{"href":"https:\/\/buechermesse.ch\/index.php?rest_route=\/wp\/v2\/types\/page"}],"author":[{"embeddable":true,"href":"https:\/\/buechermesse.ch\/index.php?rest_route=\/wp\/v2\/users\/1"}],"replies":[{"embeddable":true,"href":"https:\/\/buechermesse.ch\/index.php?rest_route=%2Fwp%2Fv2%2Fcomments&post=171"}],"version-history":[{"count":4,"href":"https:\/\/buechermesse.ch\/index.php?rest_route=\/wp\/v2\/pages\/171\/revisions"}],"predecessor-version":[{"id":194,"href":"https:\/\/buechermesse.ch\/index.php?rest_route=\/wp\/v2\/pages\/171\/revisions\/194"}],"wp:attachment":[{"href":"https:\/\/buechermesse.ch\/index.php?rest_route=%2Fwp%2Fv2%2Fmedia&parent=171"}],"curies":[{"name":"wp","href":"https:\/\/api.w.org\/{rel}","templated":true}]}}