{"id":169,"date":"2015-04-11T11:12:10","date_gmt":"2015-04-11T09:12:10","guid":{"rendered":"http:\/\/buechermesse.ch\/?page_id=169"},"modified":"2020-01-22T16:05:46","modified_gmt":"2020-01-22T14:05:46","slug":"nous-soutenir","status":"publish","type":"page","link":"https:\/\/buechermesse.ch\/?page_id=169&lang=fr","title":{"rendered":"Nous soutenir"},"content":{"rendered":"<p>Merci de ton int\u00e9r\u00eat pour le salon du livre! Tu peux nous soutenir de plusieurs mani\u00e8res\u00a0:<\/p>\n<p>en faisant un expos\u00e9, en animant un atelier ou en faisant une pr\u00e9sentation. Si tu as envie d\u2019animer une discussion ou de montrer un film ou une exposition ou autre, li\u00e9 \u00e0 l\u2019anarchisme bien s\u00fbr, n\u2019h\u00e9site pas \u00e0 nous \u00e9crire \u00e0 info@buechermesse.ch.<\/p>\n<p>l&#8217;aide pratique\u00a0 : l\u2019organisation de cet \u00e9v\u00e9nement prend pas mal d&#8217;\u00e9nergie et ton aide est la bienvenue, que \u00e7a soit avant le salon ou pendant\u00a0: distribuer des flyers, coller des affiches, organiser des concerts de soutien, mettre en place tables et chaises et ranger ensuite, proposer un h\u00e9bergement, tenir le stand d\u2019information, aider derri\u00e8re le bar, etc. Si tu es int\u00e9ress\u00e9.e, n\u2019h\u00e9site pas \u00e0 nous \u00e9crire \u00e0 <a href=\"mailto:info@buechermesse.ch\">info@buechermesse.ch<\/a>.<\/p>\n","protected":false},"excerpt":{"rendered":"<p>Merci de ton int\u00e9r\u00eat pour le salon du livre! Tu peux nous soutenir de plusieurs mani\u00e8res\u00a0: en faisant un expos\u00e9, en animant un atelier ou en faisant une pr\u00e9sentation. Si tu as envie d\u2019animer une discussion ou de montrer un film ou une exposition ou autre, li\u00e9 \u00e0 l\u2019anarchisme bien s\u00fbr, n\u2019h\u00e9site pas \u00e0 nous &hellip; <a href=\"https:\/\/buechermesse.ch\/?page_id=169&#038;lang=fr\" class=\"more-link\"><span class=\"screen-reader-text\">Nous soutenir<\/span> weiterlesen <span class=\"meta-nav\">&rarr;<\/span><\/a><\/p>\n","protected":false},"author":1,"featured_media":0,"parent":0,"menu_order":4,"comment_status":"closed","ping_status":"closed","template":"","meta":{"footnotes":""},"class_list":["post-169","page","type-page","status-publish","hentry"],"_links":{"self":[{"href":"https:\/\/buechermesse.ch\/index.php?rest_route=\/wp\/v2\/pages\/169","targetHints":{"allow":["GET"]}}],"collection":[{"href":"https:\/\/buechermesse.ch\/index.php?rest_route=\/wp\/v2\/pages"}],"about":[{"href":"https:\/\/buechermesse.ch\/index.php?rest_route=\/wp\/v2\/types\/page"}],"author":[{"embeddable":true,"href":"https:\/\/buechermesse.ch\/index.php?rest_route=\/wp\/v2\/users\/1"}],"replies":[{"embeddable":true,"href":"https:\/\/buechermesse.ch\/index.php?rest_route=%2Fwp%2Fv2%2Fcomments&post=169"}],"version-history":[{"count":9,"href":"https:\/\/buechermesse.ch\/index.php?rest_route=\/wp\/v2\/pages\/169\/revisions"}],"predecessor-version":[{"id":1862,"href":"https:\/\/buechermesse.ch\/index.php?rest_route=\/wp\/v2\/pages\/169\/revisions\/1862"}],"wp:attachment":[{"href":"https:\/\/buechermesse.ch\/index.php?rest_route=%2Fwp%2Fv2%2Fmedia&parent=169"}],"curies":[{"name":"wp","href":"https:\/\/api.w.org\/{rel}","templated":true}]}}