{"id":159,"date":"2015-04-11T11:03:30","date_gmt":"2015-04-11T09:03:30","guid":{"rendered":"http:\/\/buechermesse.ch\/?page_id=159"},"modified":"2021-09-11T12:25:05","modified_gmt":"2021-09-11T10:25:05","slug":"en-bref","status":"publish","type":"page","link":"https:\/\/buechermesse.ch\/?page_id=159&lang=fr","title":{"rendered":"En bref"},"content":{"rendered":"<p>Le salon du livre offre un \u00e9ventail de publications anti-autoritaires, de sensibilit\u00e9 anarchiste ou proche des valeurs anarchistes, de maisons d&#8217;\u00e9ditions ou de groupes venus de Suisse, d\u2019Allemagne, de France, d\u2019Italie, etc. Autour du salon se tiennent des expos\u00e9s et des d\u00e9bats, des lectures, des concerts\u2026<\/p>\n<p><b>Date<\/b><\/p>\n<p>Du 24 au 26 septembre 2021<\/p>\n<p><b>Lieu<br \/>\n<\/b><\/p>\n<p>Tscharnigut, Berne (Waldmannstrasse 17a)<\/p>\n<p><b>Entr\u00e9e<\/b><\/p>\n<p>Enti\u00e8rement libre<\/p>\n<p><strong>Aider?<\/strong><\/p>\n<p>Oui!<\/p>\n<p><strong>Comment?<\/strong><\/p>\n<p>Si tu veux nous filer un coup de main, envoie-nous un mail \u00e0 info@buechermesse.ch.<\/p>\n<p><strong>Anarchisme?<\/strong><\/p>\n<p>Il y aura beaucoup de livres, des publications et des \u00e9v\u00e9nements autour de ce th\u00e8me au salon &#8211; viens d\u00e9couvrir!<\/p>\n<p><strong>Certificat COVID ?<\/strong><\/p>\n<p>Nous souhaitons maintenir le salon et le garder aussi ouvert que possible, c\u2019est pourquoi nous vous demandons d\u2019amener un certificat. Cela ne veut en aucun cas dire que nous approuvons cette politique, mais une annulation n\u2019\u00e9tait pas une option aussi peu de temps avant le salon.<\/p>\n","protected":false},"excerpt":{"rendered":"<p>Le salon du livre offre un \u00e9ventail de publications anti-autoritaires, de sensibilit\u00e9 anarchiste ou proche des valeurs anarchistes, de maisons d&#8217;\u00e9ditions ou de groupes venus de Suisse, d\u2019Allemagne, de France, d\u2019Italie, etc. Autour du salon se tiennent des expos\u00e9s et des d\u00e9bats, des lectures, des concerts\u2026 Date Du 24 au 26 septembre 2021 Lieu Tscharnigut, &hellip; <a href=\"https:\/\/buechermesse.ch\/?page_id=159&#038;lang=fr\" class=\"more-link\"><span class=\"screen-reader-text\">En bref<\/span> weiterlesen <span class=\"meta-nav\">&rarr;<\/span><\/a><\/p>\n","protected":false},"author":1,"featured_media":0,"parent":0,"menu_order":1,"comment_status":"closed","ping_status":"closed","template":"","meta":{"footnotes":""},"class_list":["post-159","page","type-page","status-publish","hentry"],"_links":{"self":[{"href":"https:\/\/buechermesse.ch\/index.php?rest_route=\/wp\/v2\/pages\/159","targetHints":{"allow":["GET"]}}],"collection":[{"href":"https:\/\/buechermesse.ch\/index.php?rest_route=\/wp\/v2\/pages"}],"about":[{"href":"https:\/\/buechermesse.ch\/index.php?rest_route=\/wp\/v2\/types\/page"}],"author":[{"embeddable":true,"href":"https:\/\/buechermesse.ch\/index.php?rest_route=\/wp\/v2\/users\/1"}],"replies":[{"embeddable":true,"href":"https:\/\/buechermesse.ch\/index.php?rest_route=%2Fwp%2Fv2%2Fcomments&post=159"}],"version-history":[{"count":28,"href":"https:\/\/buechermesse.ch\/index.php?rest_route=\/wp\/v2\/pages\/159\/revisions"}],"predecessor-version":[{"id":2024,"href":"https:\/\/buechermesse.ch\/index.php?rest_route=\/wp\/v2\/pages\/159\/revisions\/2024"}],"wp:attachment":[{"href":"https:\/\/buechermesse.ch\/index.php?rest_route=%2Fwp%2Fv2%2Fmedia&parent=159"}],"curies":[{"name":"wp","href":"https:\/\/api.w.org\/{rel}","templated":true}]}}