{"id":148,"date":"2015-04-05T06:21:34","date_gmt":"2015-04-05T04:21:34","guid":{"rendered":"http:\/\/buechermesse.ch\/?page_id=148"},"modified":"2021-09-22T14:10:34","modified_gmt":"2021-09-22T12:10:34","slug":"programme","status":"publish","type":"page","link":"https:\/\/buechermesse.ch\/?page_id=148&lang=fr","title":{"rendered":"Programme"},"content":{"rendered":"<h3><strong>Vendredi 24 septembre 2021<br \/>\n<\/strong><\/h3>\n<p><strong>De 17h \u00e0 23h<\/strong> : stands de livre et bar<\/p>\n<p><strong>De 18h \u00e0 19h<\/strong> : souper<\/p>\n<p><strong>De 19h \u00e0 21h<\/strong> : Pr\u00e9sentation de livre : La Ligue d\u2019action du b\u00e2timent. L\u2019anarchisme \u00e0 la conqu\u00eate des chantiers genevois dans l\u2019entre-deux-guerres<\/p>\n<p><strong>21h<\/strong> : projection du documentaire &#8222;Next Stop Utopia&#8220; sur l&#8217;usine autog\u00e9r\u00e9e Viome en Gr\u00e8ce<\/p>\n<p><strong>De 19h \u00e0 23h<\/strong> : soir\u00e9e jeu<\/p>\n<h3>Samedi 25 septembre 2021<\/h3>\n<p><strong>De 10h \u00e0 21h : <\/strong>stands de livre et bar<\/p>\n<p><strong>De 11h \u00e0 13h : <\/strong>ateliers arts martiaux \/\/ pr\u00e9sentation de livre \u00ab\u00a0Rebellisches Berlin\u00a0\u00bb<\/p>\n<p><strong>13h\u00a0:<\/strong> repas de midi<\/p>\n<p><strong>De 14h \u00e0 16h\u00a0: <\/strong>Atelier : Mener une enqu\u00eate ouvri\u00e8re sur les probl\u00e8mes cruciaux de notre lieu de travail \/\/ Atelier\u00a0: Jouer ! Avec les Kommunikatzen<\/p>\n<p><strong>De 16h \u00e0 18h<\/strong> : L\u2019usine Viome en Gr\u00e8ce : une utopie vivante<\/p>\n<p><strong>18h<\/strong> : souper<\/p>\n<p><strong>De 18h \u00e0 20h<\/strong> : Atelier\u00a0: Ensemble nous sommes plus fort-es\u00a0! S\u2019organiser entre travailleur-euses pr\u00e9caires<\/p>\n<p><strong>De 19h \u00e0 21h<\/strong>\u00a0: Pr\u00e9sentation : LIB\u00c9RATION DE L\u2019ARGENT ET DE LA PROPRI\u00c9T\u00c9 \u2013 Organiser la r\u00e9_production sans domination<\/p>\n<p><strong>20h : <\/strong>Lecture aux bougies : \u00ab\u00a0Mines de Courri\u00e8res, ignominie capitaliste, face aux patrons-assassins, la r\u00e9volte des classes ouvri\u00e8res\u00a0\u00bb<\/p>\n<p><strong>21h<\/strong> : projection du film Radical Resilience<\/p>\n<h3>Dimanche 26 septembre 2021<\/h3>\n<p><strong>De 10h \u00e0 16h<\/strong> : stands de livre et bar<\/p>\n<p><strong>De 10h \u00e0 13h<\/strong> : brunch<\/p>\n<p><strong>De 11h \u00e0 13h<\/strong> : pr\u00e9sentation corona solifon<\/p>\n<p><strong>De 13h \u00e0 15h<\/strong> : Les travailleur\u00b7euses de la sant\u00e9 en lutte<\/p>\n<p>Nous souhaitons maintenir le salon et le garder aussi ouvert que possible, c\u2019est pourquoi nous vous demandons d\u2019amener un certificat. Cela ne veut en aucun cas dire que nous approuvons cette politique, mais une annulation n\u2019\u00e9tait pas une option aussi peu de temps avant le salon.<\/p>\n","protected":false},"excerpt":{"rendered":"<p>Vendredi 24 septembre 2021 De 17h \u00e0 23h : stands de livre et bar De 18h \u00e0 19h : souper De 19h \u00e0 21h : Pr\u00e9sentation de livre : La Ligue d\u2019action du b\u00e2timent. L\u2019anarchisme \u00e0 la conqu\u00eate des chantiers genevois dans l\u2019entre-deux-guerres 21h : projection du documentaire &#8222;Next Stop Utopia&#8220; sur l&#8217;usine autog\u00e9r\u00e9e Viome &hellip; <a href=\"https:\/\/buechermesse.ch\/?page_id=148&#038;lang=fr\" class=\"more-link\"><span class=\"screen-reader-text\">Programme<\/span> weiterlesen <span class=\"meta-nav\">&rarr;<\/span><\/a><\/p>\n","protected":false},"author":1,"featured_media":0,"parent":0,"menu_order":3,"comment_status":"closed","ping_status":"closed","template":"","meta":{"footnotes":""},"class_list":["post-148","page","type-page","status-publish","hentry"],"_links":{"self":[{"href":"https:\/\/buechermesse.ch\/index.php?rest_route=\/wp\/v2\/pages\/148","targetHints":{"allow":["GET"]}}],"collection":[{"href":"https:\/\/buechermesse.ch\/index.php?rest_route=\/wp\/v2\/pages"}],"about":[{"href":"https:\/\/buechermesse.ch\/index.php?rest_route=\/wp\/v2\/types\/page"}],"author":[{"embeddable":true,"href":"https:\/\/buechermesse.ch\/index.php?rest_route=\/wp\/v2\/users\/1"}],"replies":[{"embeddable":true,"href":"https:\/\/buechermesse.ch\/index.php?rest_route=%2Fwp%2Fv2%2Fcomments&post=148"}],"version-history":[{"count":52,"href":"https:\/\/buechermesse.ch\/index.php?rest_route=\/wp\/v2\/pages\/148\/revisions"}],"predecessor-version":[{"id":2113,"href":"https:\/\/buechermesse.ch\/index.php?rest_route=\/wp\/v2\/pages\/148\/revisions\/2113"}],"wp:attachment":[{"href":"https:\/\/buechermesse.ch\/index.php?rest_route=%2Fwp%2Fv2%2Fmedia&parent=148"}],"curies":[{"name":"wp","href":"https:\/\/api.w.org\/{rel}","templated":true}]}}