{"id":1230,"date":"2018-04-19T22:00:48","date_gmt":"2018-04-19T20:00:48","guid":{"rendered":"http:\/\/buechermesse.ch\/?page_id=1230"},"modified":"2018-04-19T22:01:33","modified_gmt":"2018-04-19T20:01:33","slug":"1230-2","status":"publish","type":"page","link":"https:\/\/buechermesse.ch\/?page_id=1230&lang=fr","title":{"rendered":"Communiquer dans une zone \u00e0 d\u00e9fendre\u00a0: le cas de la Zad de Notre-Dame-des-Landes"},"content":{"rendered":"<p style=\"text-align: justify;\"><a href=\"http:\/\/buechermesse.ch\/wp-content\/uploads\/2018\/04\/Pre\u0301sentation-web-2.png\"><img loading=\"lazy\" decoding=\"async\" class=\"size-medium wp-image-1134 alignright\" alt=\"Pre\u0301sentation web-2\" src=\"http:\/\/buechermesse.ch\/wp-content\/uploads\/2018\/04\/Pre\u0301sentation-web-2-300x166.png\" width=\"300\" height=\"166\" srcset=\"https:\/\/buechermesse.ch\/wp-content\/uploads\/2018\/04\/Pre\u0301sentation-web-2-300x166.png 300w, https:\/\/buechermesse.ch\/wp-content\/uploads\/2018\/04\/Pre\u0301sentation-web-2-672x372.png 672w, https:\/\/buechermesse.ch\/wp-content\/uploads\/2018\/04\/Pre\u0301sentation-web-2.png 800w\" sizes=\"auto, (max-width: 300px) 100vw, 300px\" \/><\/a>La question de la communication dans nos espaces et nos luttes est un enjeu majeur quant \u00e0 notre capacit\u00e9 \u00e0 nous organiser \u00e0 l\u2019interne et \u00e0 l\u2019externe. C\u2019est aussi un domaine o\u00f9 se r\u00e9v\u00e8lent violemment les tensions et les contractions entre nos id\u00e9aux libertaires et nos r\u00e9alit\u00e9s pratiques et humaines. Forte d\u2019une d\u00e9cennie d\u2019occupation ill\u00e9gale, la Zad de Notre-Dame-des-Landes est une longue histoire d\u2019exp\u00e9rimentations, de r\u00e9ussites et d\u2019\u00e9checs qu\u2019on se propose de discuter.<\/p>\n<p align=\"JUSTIFY\">Lors de cette discussion, nous pr\u00e9senterons et questionneront collectivement trois outils qui nous semble centraux dans l\u2019organisation quotidienne de la Zad. Tout d\u2019abord un outil d\u2019organisation interne avec le Zad News, \u00ab\u00a0journal\u00a0\u00bb hebdomadaire du mouvement d\u2019occupation disponible en version papier dans tous les lieux de vie. Ensuite, on abordera Radion Klaxon, la radio pirate qui squatte les ondes de Vinci et qui sert autant \u00e0 l\u2019organisation interne qu\u2019externe, que ce soit par sa diffusion de contenus, sur les ondes et sur le net, que par son usage strat\u00e9gique lors de situations r\u00e9pressives. Et finalement, on parlera du groupe Communication Externe, qui g\u00e8re le site internet de la Zad, la bo\u00eete mail et le t\u00e9l\u00e9phone d\u2019urgence.<\/p>\n<p align=\"JUSTIFY\">Un des objectifs de ces \u00e9changes sera de partir d\u2019exp\u00e9riences concr\u00e8tes li\u00e9es \u00e0 nos volont\u00e9s d\u2019auto-organisation afin de partager ce qui peut ressortir de nos r\u00e9ussites et de nos \u00e9checs, et ce qui transcende les cas particuliers pour \u00eatre r\u00e9appropriable et utile \u00e0 tou.te.s.<\/p>\n","protected":false},"excerpt":{"rendered":"<p>La question de la communication dans nos espaces et nos luttes est un enjeu majeur quant \u00e0 notre capacit\u00e9 \u00e0 nous organiser \u00e0 l\u2019interne et \u00e0 l\u2019externe. C\u2019est aussi un domaine o\u00f9 se r\u00e9v\u00e8lent violemment les tensions et les contractions entre nos id\u00e9aux libertaires et nos r\u00e9alit\u00e9s pratiques et humaines. Forte d\u2019une d\u00e9cennie d\u2019occupation ill\u00e9gale, &hellip; <a href=\"https:\/\/buechermesse.ch\/?page_id=1230&#038;lang=fr\" class=\"more-link\"><span class=\"screen-reader-text\">Communiquer dans une zone \u00e0 d\u00e9fendre\u00a0: le cas de la Zad de Notre-Dame-des-Landes<\/span> weiterlesen <span class=\"meta-nav\">&rarr;<\/span><\/a><\/p>\n","protected":false},"author":1,"featured_media":0,"parent":0,"menu_order":0,"comment_status":"closed","ping_status":"open","template":"","meta":{"footnotes":""},"class_list":["post-1230","page","type-page","status-publish","hentry"],"_links":{"self":[{"href":"https:\/\/buechermesse.ch\/index.php?rest_route=\/wp\/v2\/pages\/1230","targetHints":{"allow":["GET"]}}],"collection":[{"href":"https:\/\/buechermesse.ch\/index.php?rest_route=\/wp\/v2\/pages"}],"about":[{"href":"https:\/\/buechermesse.ch\/index.php?rest_route=\/wp\/v2\/types\/page"}],"author":[{"embeddable":true,"href":"https:\/\/buechermesse.ch\/index.php?rest_route=\/wp\/v2\/users\/1"}],"replies":[{"embeddable":true,"href":"https:\/\/buechermesse.ch\/index.php?rest_route=%2Fwp%2Fv2%2Fcomments&post=1230"}],"version-history":[{"count":2,"href":"https:\/\/buechermesse.ch\/index.php?rest_route=\/wp\/v2\/pages\/1230\/revisions"}],"predecessor-version":[{"id":1232,"href":"https:\/\/buechermesse.ch\/index.php?rest_route=\/wp\/v2\/pages\/1230\/revisions\/1232"}],"wp:attachment":[{"href":"https:\/\/buechermesse.ch\/index.php?rest_route=%2Fwp%2Fv2%2Fmedia&parent=1230"}],"curies":[{"name":"wp","href":"https:\/\/api.w.org\/{rel}","templated":true}]}}