{"id":1114,"date":"2018-04-12T17:41:11","date_gmt":"2018-04-12T15:41:11","guid":{"rendered":"http:\/\/buechermesse.ch\/?page_id=1114"},"modified":"2018-04-19T19:02:12","modified_gmt":"2018-04-19T17:02:12","slug":"collectif-raaupe-revolution-als-alltag-economie-collective-et-organisation-commune-de-la-vie","status":"publish","type":"page","link":"https:\/\/buechermesse.ch\/?page_id=1114&lang=fr","title":{"rendered":"Collectif RaAupe (Revolution als Alltag): Economie collective et organisation commune de la vie"},"content":{"rendered":"<style type=\"text\/css\"><!--\nP { margin-bottom: 0.1in; line-height: 120%; }\n--><\/style>\n<p align=\"JUSTIFY\">RaAupe est un collectif qui veut participer \u00e0 la construction d\u2019une soci\u00e9t\u00e9 non-capitaliste et solidaire. Notre objectif est de coordonner et d\u2019organiser collectivement des domaines de vie comme le travail salari\u00e9, le travail de care, la production de biens commun, les activit\u00e9s militantes ainsi que la r\u00e9flexion critique. C\u2019est pour cela que nous vivons en \u00e9conomie collective et partageons notre argent.<\/p>\n<p align=\"JUSTIFY\">Nous aimerions pr\u00e9senter nos id\u00e9es, nos structures et nos questions afin d\u2019\u00e9changer nos exp\u00e9riences et de r\u00e9fl\u00e9chir ensemble sur comment la pens\u00e9e r\u00e9volutionnaire peut trouver sa place dans notre quotidien.<\/p>\n","protected":false},"excerpt":{"rendered":"<p>RaAupe est un collectif qui veut participer \u00e0 la construction d\u2019une soci\u00e9t\u00e9 non-capitaliste et solidaire. Notre objectif est de coordonner et d\u2019organiser collectivement des domaines de vie comme le travail salari\u00e9, le travail de care, la production de biens commun, les activit\u00e9s militantes ainsi que la r\u00e9flexion critique. C\u2019est pour cela que nous vivons en &hellip; <a href=\"https:\/\/buechermesse.ch\/?page_id=1114&#038;lang=fr\" class=\"more-link\"><span class=\"screen-reader-text\">Collectif RaAupe (Revolution als Alltag): Economie collective et organisation commune de la vie<\/span> weiterlesen <span class=\"meta-nav\">&rarr;<\/span><\/a><\/p>\n","protected":false},"author":1,"featured_media":0,"parent":0,"menu_order":0,"comment_status":"closed","ping_status":"open","template":"","meta":{"footnotes":""},"class_list":["post-1114","page","type-page","status-publish","hentry"],"_links":{"self":[{"href":"https:\/\/buechermesse.ch\/index.php?rest_route=\/wp\/v2\/pages\/1114","targetHints":{"allow":["GET"]}}],"collection":[{"href":"https:\/\/buechermesse.ch\/index.php?rest_route=\/wp\/v2\/pages"}],"about":[{"href":"https:\/\/buechermesse.ch\/index.php?rest_route=\/wp\/v2\/types\/page"}],"author":[{"embeddable":true,"href":"https:\/\/buechermesse.ch\/index.php?rest_route=\/wp\/v2\/users\/1"}],"replies":[{"embeddable":true,"href":"https:\/\/buechermesse.ch\/index.php?rest_route=%2Fwp%2Fv2%2Fcomments&post=1114"}],"version-history":[{"count":3,"href":"https:\/\/buechermesse.ch\/index.php?rest_route=\/wp\/v2\/pages\/1114\/revisions"}],"predecessor-version":[{"id":1150,"href":"https:\/\/buechermesse.ch\/index.php?rest_route=\/wp\/v2\/pages\/1114\/revisions\/1150"}],"wp:attachment":[{"href":"https:\/\/buechermesse.ch\/index.php?rest_route=%2Fwp%2Fv2%2Fmedia&parent=1114"}],"curies":[{"name":"wp","href":"https:\/\/api.w.org\/{rel}","templated":true}]}}