{"id":1067,"date":"2018-04-12T17:21:50","date_gmt":"2018-04-12T15:21:50","guid":{"rendered":"http:\/\/buechermesse.ch\/?page_id=1067"},"modified":"2021-09-20T13:24:49","modified_gmt":"2021-09-20T11:24:49","slug":"presentations-discussions-2","status":"publish","type":"page","link":"https:\/\/buechermesse.ch\/?page_id=1067&lang=fr","title":{"rendered":"Pr\u00e9sentations &#038; Discussions"},"content":{"rendered":"\n<h3 class=\"wp-block-heading\">De 19h \u00e0 21h <\/h3>\n\n\n\n<p style=\"text-align:center\"><strong>Pr\u00e9sentation de livre : La Ligue d\u2019action du b\u00e2timent. L\u2019anarchisme \u00e0 la conqu\u00eate des chantiers genevois dans l\u2019entre-deux-guerres<\/strong><img loading=\"lazy\" decoding=\"async\" width=\"150\" height=\"203\" class=\"wp-image-1907\" style=\"width: 150px;\" src=\"http:\/\/buechermesse.ch\/wp-content\/uploads\/2021\/03\/banner_medium-30.jpg\" alt=\"\"><\/p>\n\n\n\n<p>Discussion\navec l\u2019auteur Alexandre Elsig<\/p>\n\n\n\n<p>Inspir\u00e9e\npar les id\u00e9aux anarchistes d\u2019action directe, la Ligue d\u2019action du b\u00e2timent\n(LAB) est cr\u00e9\u00e9e par des ouvriers genevois \u00e0 la fin des ann\u00e9es vingt et devient\nune menace constante pour le patronat. Malgr\u00e9 les comparutions et les\narrestations, les actions coup-de-poing de la LAB parviennent \u00e0 imposer un\nsyst\u00e8me de conventions de travail encore embryonnaire.<\/p>\n\n\n\n<p>Suivi d\u2019une discussion sur l\u2019action directe dans le syndicalisme d\u2019aujourd\u2019hui <\/p>\n\n\n\n<h3 class=\"wp-block-heading\">21h <\/h3>\n\n\n\n<p>Projection du documentaire &#8222;Next Stop Utopia&#8220; sur l&#8217;usine autog\u00e9r\u00e9e Viome en Gr\u00e8ce<\/p>\n\n\n\n<h3 class=\"wp-block-heading\">De 19h \u00e0 23h <\/h3>\n\n\n\n<p>Soir\u00e9e\njeu<\/p>\n\n\n\n<p>Comme le\nnom le dit : diff\u00e9rents jeux de soci\u00e9t\u00e9, plus ou moins compliqu\u00e9s, plus ou\nmoins longs. Merci de vous inscrire \u00e0 l\u2019avance! <\/p>\n","protected":false},"excerpt":{"rendered":"<p>De 19h \u00e0 21h Pr\u00e9sentation de livre : La Ligue d\u2019action du b\u00e2timent. L\u2019anarchisme \u00e0 la conqu\u00eate des chantiers genevois dans l\u2019entre-deux-guerres Discussion avec l\u2019auteur Alexandre Elsig Inspir\u00e9e par les id\u00e9aux anarchistes d\u2019action directe, la Ligue d\u2019action du b\u00e2timent (LAB) est cr\u00e9\u00e9e par des ouvriers genevois \u00e0 la fin des ann\u00e9es vingt et devient une &hellip; <a href=\"https:\/\/buechermesse.ch\/?page_id=1067&#038;lang=fr\" class=\"more-link\"><span class=\"screen-reader-text\">Pr\u00e9sentations &#038; Discussions<\/span> weiterlesen <span class=\"meta-nav\">&rarr;<\/span><\/a><\/p>\n","protected":false},"author":1,"featured_media":0,"parent":0,"menu_order":0,"comment_status":"closed","ping_status":"open","template":"","meta":{"footnotes":""},"class_list":["post-1067","page","type-page","status-publish","hentry"],"_links":{"self":[{"href":"https:\/\/buechermesse.ch\/index.php?rest_route=\/wp\/v2\/pages\/1067","targetHints":{"allow":["GET"]}}],"collection":[{"href":"https:\/\/buechermesse.ch\/index.php?rest_route=\/wp\/v2\/pages"}],"about":[{"href":"https:\/\/buechermesse.ch\/index.php?rest_route=\/wp\/v2\/types\/page"}],"author":[{"embeddable":true,"href":"https:\/\/buechermesse.ch\/index.php?rest_route=\/wp\/v2\/users\/1"}],"replies":[{"embeddable":true,"href":"https:\/\/buechermesse.ch\/index.php?rest_route=%2Fwp%2Fv2%2Fcomments&post=1067"}],"version-history":[{"count":5,"href":"https:\/\/buechermesse.ch\/index.php?rest_route=\/wp\/v2\/pages\/1067\/revisions"}],"predecessor-version":[{"id":2073,"href":"https:\/\/buechermesse.ch\/index.php?rest_route=\/wp\/v2\/pages\/1067\/revisions\/2073"}],"wp:attachment":[{"href":"https:\/\/buechermesse.ch\/index.php?rest_route=%2Fwp%2Fv2%2Fmedia&parent=1067"}],"curies":[{"name":"wp","href":"https:\/\/api.w.org\/{rel}","templated":true}]}}