{"id":1065,"date":"2018-04-12T17:21:29","date_gmt":"2018-04-12T15:21:29","guid":{"rendered":"http:\/\/buechermesse.ch\/?page_id=1065"},"modified":"2021-09-20T13:23:01","modified_gmt":"2021-09-20T11:23:01","slug":"vortrage-diskussionen-2","status":"publish","type":"page","link":"https:\/\/buechermesse.ch\/?page_id=1065&lang=de","title":{"rendered":"Vortr\u00e4ge &#038; Diskussionen FR"},"content":{"rendered":"\n<h3 class=\"wp-block-heading\">19 bis 21 Uhr <\/h3>\n\n\n\n<p style=\"text-align:center\"><strong>Buchpr\u00e4sentation: Die Aktionsliga der Bauarbeiter. Der Anarchismus erobert die Genfer Baustellen der Zwischenkriegszeit. <\/strong><img loading=\"lazy\" decoding=\"async\" width=\"150\" height=\"203\" class=\"wp-image-1939\" style=\"width: 150px;\" src=\"http:\/\/buechermesse.ch\/wp-content\/uploads\/2021\/08\/banner_medium-30.jpg\" alt=\"\"><\/p>\n\n\n\n<p>Eine\nDiskussion zum Buch mit dem Autor. <\/p>\n\n\n\n<p>Die Ende der\n1920er Jahre in Genf gegr\u00fcndete Aktionsliga der Bauarbeiter (LAB) wird zu einer\nkonstanten Bedrohung f\u00fcr die Arbeitgeberschaft. Der spektakul\u00e4re Aktivismus der\nLAB ist bezeichnend f\u00fcr die Hoffnungen und Spannungen in der Schweizer\nArbeitswelt der Zwischenkriegszeit, die vorliegende Studie ist ein wertvoller\nBeitrag zur Erneuerung der Arbeitermilitanz.<\/p>\n\n\n\n<p>Gefolgt von\neiner Diskussion \u00fcber die direkte Aktion im heutigen Gewerkschaftskampf <\/p>\n\n\n\n<h3 class=\"wp-block-heading\">21 Uhr <\/h3>\n\n\n\n<p>Dokumentarfilm &#8222;Next Stop Utopia&#8220; \u00fcber die selbstverwaltete Fabrik Viome in Griechenland <\/p>\n\n\n\n<h3 class=\"wp-block-heading\">19 bis 23 Uhr<\/h3>\n\n\n\n<p>Spieleabend <\/p>\n\n\n\n<p>Ist, was\ndrauf steht: Verschiedene Brettspiele an verschiedenen Tischen, komplizierte\nund weniger komplizierte, l\u00e4ngere und k\u00fcrzere. Bitte im Vorfeld f\u00fcr die entsprechenden Spiele\neinschreiben. <\/p>\n","protected":false},"excerpt":{"rendered":"<p>19 bis 21 Uhr Buchpr\u00e4sentation: Die Aktionsliga der Bauarbeiter. Der Anarchismus erobert die Genfer Baustellen der Zwischenkriegszeit. Eine Diskussion zum Buch mit dem Autor. Die Ende der 1920er Jahre in Genf gegr\u00fcndete Aktionsliga der Bauarbeiter (LAB) wird zu einer konstanten Bedrohung f\u00fcr die Arbeitgeberschaft. Der spektakul\u00e4re Aktivismus der LAB ist bezeichnend f\u00fcr die Hoffnungen und &hellip; <a href=\"https:\/\/buechermesse.ch\/?page_id=1065&#038;lang=de\" class=\"more-link\"><span class=\"screen-reader-text\">Vortr\u00e4ge &#038; Diskussionen FR<\/span> weiterlesen <span class=\"meta-nav\">&rarr;<\/span><\/a><\/p>\n","protected":false},"author":1,"featured_media":0,"parent":0,"menu_order":0,"comment_status":"closed","ping_status":"closed","template":"","meta":{"footnotes":""},"class_list":["post-1065","page","type-page","status-publish","hentry"],"_links":{"self":[{"href":"https:\/\/buechermesse.ch\/index.php?rest_route=\/wp\/v2\/pages\/1065","targetHints":{"allow":["GET"]}}],"collection":[{"href":"https:\/\/buechermesse.ch\/index.php?rest_route=\/wp\/v2\/pages"}],"about":[{"href":"https:\/\/buechermesse.ch\/index.php?rest_route=\/wp\/v2\/types\/page"}],"author":[{"embeddable":true,"href":"https:\/\/buechermesse.ch\/index.php?rest_route=\/wp\/v2\/users\/1"}],"replies":[{"embeddable":true,"href":"https:\/\/buechermesse.ch\/index.php?rest_route=%2Fwp%2Fv2%2Fcomments&post=1065"}],"version-history":[{"count":5,"href":"https:\/\/buechermesse.ch\/index.php?rest_route=\/wp\/v2\/pages\/1065\/revisions"}],"predecessor-version":[{"id":2072,"href":"https:\/\/buechermesse.ch\/index.php?rest_route=\/wp\/v2\/pages\/1065\/revisions\/2072"}],"wp:attachment":[{"href":"https:\/\/buechermesse.ch\/index.php?rest_route=%2Fwp%2Fv2%2Fmedia&parent=1065"}],"curies":[{"name":"wp","href":"https:\/\/api.w.org\/{rel}","templated":true}]}}